{"id":9555,"date":"2026-02-02T22:58:32","date_gmt":"2026-02-02T21:58:32","guid":{"rendered":"https:\/\/www.hotelcereda.ch\/?page_id=9555"},"modified":"2026-02-13T13:14:41","modified_gmt":"2026-02-13T12:14:41","slug":"menu-a-la-carte-feb-26","status":"publish","type":"page","link":"https:\/\/www.hotelcereda.ch\/?page_id=9555&lang=fr","title":{"rendered":"Menu \u00e0 la carte feb 26"},"content":{"rendered":"<p>[vc_row css=&#8221;.vc_custom_1601637768457{margin-top: 50px !important;}&#8221;][vc_column]<div style=\"background-color:;height: 20px\" class=\"nicdark_section  \"><\/div> <h1 style=\"color:#c19b76;padding:px;text-align:center;font-size:55px;line-height:px;letter-spacing: px;font-weight:normal\" class=\"  nd_options_font_size_40_important_all_iphone nd_options_line_height_40_important_all_iphone nd_options_first_font \">Menu \u00e0 la Carte<\/h1> <div style=\"background-color:;height: 30px\" class=\"nicdark_section  \"><\/div>\n    <div class=\"nd_options_section nd_options_line_height_0  nd_options_text_align_center \">\n        <span style=\"height:3px;width:50px;background-color:#878787\" class=\"nd_options_display_inline_block\"><\/span>\n    <\/div>\n   <div style=\"background-color:;height: 35px\" class=\"nicdark_section  \"><\/div>[\/vc_column][\/vc_row][vc_row][vc_column] <h1 style=\"color:#1c1c1c;padding:px;text-align:center;font-size:55px;line-height:px;letter-spacing: px;font-weight:normal\" class=\"  nd_options_font_size_40_important_all_iphone nd_options_line_height_40_important_all_iphone nd_options_first_font \">Entr\u00e8es<\/h1> <div style=\"background-color:;height: 20px\" class=\"nicdark_section  \"><\/div>[vc_column_text]<\/p>\n<p style=\"text-align: center;\">Culatello di Modena affin\u00e9 36 mois, mousse de foie gras et chicor\u00e9e saut\u00e9e<br \/>\n7a,8a, 12a<\/p>\n<p style=\"text-align: center;\">\u00a0 CHF 30.-\u00a0 \u00a0 \u00a0 \u00a0\u00bd portion \u00a0 CHF 20.-<\/p>\n<p>&nbsp;<\/p>\n<p style=\"text-align: center;\">Viande sal\u00e9e, vinaigre de framboises, mayonnaise au c\u00e9leri, p\u00e9tales de fromage d&#8217;Alpe et radis marin\u00e9s<br \/>\n7a, 8a, 9a, 12a<\/p>\n<p style=\"text-align: center;\">\u00a0 CHF 28.-<\/p>\n<p>&nbsp;<\/p>\n<p style=\"text-align: center;\">Artichaut \u00e0 la Giudia, mousse de pecorino et poudre d&#8217;ail noir<br \/>\n1a, 7a<\/p>\n<p style=\"text-align: center;\">\u00a0 CHF 16.-<\/p>\n<p>&nbsp;<\/p>\n<p style=\"text-align: center;\">Poulpe grill\u00e9, montanara \u00e0 la tomate, stracciatella et croquant d&#8217;olives taggiasche<\/p>\n<p style=\"text-align: center;\">1a, 7a, 8a, 12a, 14a<\/p>\n<p style=\"text-align: center;\">\u00a0 CHF 26.-<\/p>\n<p>&nbsp;<\/p>\n<p style=\"text-align: center;\">Morilles farcies \u00e0 la p\u00e2te de salami en cro\u00fbte de panko et cr\u00e8me de pain de la Valle Maggia avec mayonnaise au fenouil et huile de basilic<br \/>\n1a, 3a, 6a, 7a, 12a<\/p>\n<p style=\"text-align: center;\">\u00a0 CHF 20.-<\/p>\n<p>&nbsp;<\/p>\n<p style=\"text-align: center;\">Moules en beignet, mayonnaise au yuzu, salade nouvelle et \u0153ufs de saumon<br \/>\n1a, 3a, 6a, 7a, 9a, 12a<\/p>\n<p style=\"text-align: center;\">\u00a0 CHF 22.-<\/p>\n<p>&nbsp;<\/p>\n<p style=\"text-align: center;\">Velout\u00e9 de carottes et gingembre avec julienne de carottes croquantes<br \/>\n7a, 9a<\/p>\n<p style=\"text-align: center;\">\u00a0 CHF 14.-<\/p>\n<p>[\/vc_column_text]<div style=\"background-color:;height: 30px\" class=\"nicdark_section  \"><\/div> <h1 style=\"color:#1c1c1c;padding:px;text-align:center;font-size:55px;line-height:px;letter-spacing: px;font-weight:normal\" class=\"  nd_options_font_size_40_important_all_iphone nd_options_line_height_40_important_all_iphone nd_options_first_font \">P\u00e2tes et Risottos<\/h1> <div style=\"background-color:;height: 10px\" class=\"nicdark_section  \"><\/div>[vc_column_text]<\/p>\n<p style=\"text-align: center;\">Ziti \u00e0 la g\u00e9noise et mousse au fromage Pecorino<br \/>\n1a, 3a, 7a, 12a<\/p>\n<p style=\"text-align: center;\">\u00a0 CHF 26.-<\/p>\n<p>&nbsp;<\/p>\n<p style=\"text-align: center;\">Pappardelles farcies au lapin, philadelphia et agrumes, jus de veau, cr\u00e8me de f\u00e8ves et air de citron vert<br \/>\n1a, 3a, 6a, 7a, 8a, 9a, 12a,<\/p>\n<p style=\"text-align: center;\">\u00a0 CHF 28.-<\/p>\n<p>&nbsp;<\/p>\n<p style=\"text-align: center;\">Gnocchi de pommes de terre au charbon v\u00e9g\u00e9tal, crevettes rouges et burratina<br \/>\nsur une cr\u00e8me l\u00e9g\u00e8re \u00e0 la cr\u00e8me et essence de citron<br \/>\n1a, 2a, 7a, 8a, 12a<\/p>\n<p style=\"text-align: center;\">\u00a0 CHF 30.-<\/p>\n<p>&nbsp;<\/p>\n<p style=\"text-align: center;\">Tortelloni farcis aux fruits de mer, cr\u00e8me de petits pois, ricotta, air de citron vert et poudre de tomate<\/p>\n<p style=\"text-align: center;\">1a, 2a, 3a, 4a, 6a, 7a, 14a<\/p>\n<p style=\"text-align: center;\">\u00a0 CHF 28.-<\/p>\n<p>&nbsp;<\/p>\n<p style=\"text-align: center;\">Risotto s\u00e9lection Carnaroli cr\u00e9meux au bleu de vache et ris de veau flamb\u00e9 au cognac<\/p>\n<p style=\"text-align: center;\"><em>(Minimum 2 personnes, d\u2019attente 15 minutes)<\/em><br \/>\n3a, 7a, 14a<\/p>\n<p style=\"text-align: center;\">\u00a0 CHF 32.- par personne<\/p>\n<p>[\/vc_column_text]<div style=\"background-color:;height: 10px\" class=\"nicdark_section  \"><\/div>\n    <div style=\"text-align:center\" class=\"nd_options_section\">\n      <img decoding=\"async\" alt=\"\" style=\"width:\" class=\" nd_options_margin_0 nd_options_padding_0 \" src=\"\">\n    <\/div>\n   [\/vc_column][\/vc_row][vc_row][vc_column]<div style=\"background-color:;height: 5px\" class=\"nicdark_section  \"><\/div> <h1 style=\"color:#1c1c1c;padding:px;text-align:center;font-size:55px;line-height:px;letter-spacing: px;font-weight:normal\" class=\"  nd_options_font_size_40_important_all_iphone nd_options_line_height_40_important_all_iphone nd_options_first_font \">Viande<\/h1> <div style=\"background-color:;height: 10px\" class=\"nicdark_section  \"><\/div>[vc_column_text]<\/p>\n<p style=\"text-align: center;\">Chapeau du pr\u00eatre CBT fum\u00e9, pur\u00e9e \u00e0 la truffe et \u00e9pinards croquants<br \/>\n7a, 8a, 12a<\/p>\n<p style=\"text-align: center;\">\u00a0 CHF 42.-<\/p>\n<p>&nbsp;<\/p>\n<p style=\"text-align: center;\">Paillard de veau grill\u00e9, frites et l\u00e9gumes de saison<\/p>\n<p style=\"text-align: center;\">1a,7a<\/p>\n<p style=\"text-align: center;\">\u00a0 CHF 46.-<\/p>\n<p>&nbsp;<\/p>\n<p style=\"text-align: center;\">Bun au veau effiloch\u00e9 avec \u00e9pinards, fromage fondu, cornichons aigres-doux et sauce BBQ<br \/>\nservi avec des frites<br \/>\n1a, 3a, 6a, 7a, 8a, 12a<\/p>\n<p style=\"text-align: center;\">\u00a0 CHF 38.-<\/p>\n<p>&nbsp;<\/p>\n<p style=\"text-align: center;\">Contre-filet de Fassona pi\u00e9montaise \u00e0 la pioda, servi avec trois sauces et des sels aromatis\u00e9s<br \/>\n3a, 7a, 12a<\/p>\n<p style=\"text-align: center;\">\u00a0 CHF 52.-<\/p>\n<p>&nbsp;<\/p>\n<p style=\"text-align: center;\">Chateaubriand maison classique, accompagnements de saison, c\u00e8pes saut\u00e9s \u00e0 la sauce b\u00e9arnaise<\/p>\n<p style=\"text-align: center;\"><em>(Minimum 2 personnes, d\u2019attente 15 minutes)<\/em><\/p>\n<p style=\"text-align: center;\">3a, 7a, 12a<\/p>\n<p style=\"text-align: center;\">\u00a0 CHF 70- par personne<\/p>\n<p>[\/vc_column_text]<div style=\"background-color:;height: 10px\" class=\"nicdark_section  \"><\/div><div style=\"background-color:;height: 10px\" class=\"nicdark_section  \"><\/div>[\/vc_column][\/vc_row][vc_row][vc_column]<div style=\"background-color:;height: 10px\" class=\"nicdark_section  \"><\/div> <h1 style=\"color:#1c1c1c;padding:px;text-align:center;font-size:55px;line-height:px;letter-spacing: px;font-weight:normal\" class=\"  nd_options_font_size_40_important_all_iphone nd_options_line_height_40_important_all_iphone nd_options_first_font \">Poisson<\/h1> <div style=\"background-color:;height: 10px\" class=\"nicdark_section  \"><\/div>[vc_column_text]<\/p>\n<p style=\"text-align: center;\">Black code marin\u00e9 au miso, carbonara au siphon et anis \u00e9toil\u00e9 servi avec chou noir \u00e0 l&#8217;huile de cuisson et cylindres de pommes de terre r\u00f4ties<br \/>\n3a, 4a, 6a, 7a, 12a<\/p>\n<p style=\"text-align: center;\">\u00a0 CHF 40.-<\/p>\n<p>&nbsp;<\/p>\n<p style=\"text-align: center;\">Rouget farci \u00e0 la scarole, olives et pignons de pin en cro\u00fbte de pain, mayonnaise au piment<br \/>\nsur des l\u00e9gumes verts au vinaigre de vin<br \/>\n1a, 3a, 6a, 7a, 12a<\/p>\n<p style=\"text-align: center;\">\u00a0 CHF 44.-<\/p>\n<p>[\/vc_column_text][\/vc_column][\/vc_row][vc_row][vc_column]<div style=\"background-color:;height: 10px\" class=\"nicdark_section  \"><\/div>\n    <div style=\"text-align:center\" class=\"nd_options_section\">\n      <img decoding=\"async\" alt=\"\" style=\"width:\" class=\" nd_options_margin_0 nd_options_padding_0 \" src=\"\">\n    <\/div>\n   <div style=\"background-color:;height: 10px\" class=\"nicdark_section  \"><\/div> <h1 style=\"color:#1c1c1c;padding:px;text-align:center;font-size:55px;line-height:px;letter-spacing: px;font-weight:normal\" class=\"  nd_options_font_size_40_important_all_iphone nd_options_line_height_40_important_all_iphone nd_options_first_font \">Dessert<\/h1> <div style=\"background-color:;height: 20px\" class=\"nicdark_section  \"><\/div>[vc_column_text]<\/p>\n<p style=\"text-align: center;\">Bavarois \u00e0 la mandarine et son sorbet<\/p>\n<p style=\"text-align: center;\">3a 6a, 7a 8a 12a<\/p>\n<p style=\"text-align: center;\">\u00a0 CHF 12.-<\/p>\n<p>&nbsp;<\/p>\n<p style=\"text-align: center;\">Tiramis\u00f9 classique<br \/>\n1a, 3a, 7a, 8a<\/p>\n<p style=\"text-align: center;\">\u00a0 CHF 10.-<\/p>\n<p>&nbsp;<\/p>\n<p style=\"text-align: center;\">Tartelette \u00e0 la ricotta et aux poires au rhum<br \/>\n1a, 3a, 7a, 8a, 12a<\/p>\n<p style=\"text-align: center;\">\u00a0 CHF 12.-<\/p>\n<p>&nbsp;<\/p>\n<p style=\"text-align: center;\">Petit g\u00e2teau au chocolat, ganache au chocolat blanc et framboise, glace \u00e0 la vanille<br \/>\n1a 3a 6a 7a 8a<\/p>\n<p style=\"text-align: center;\">\u00a0 CHF 14.-<\/p>\n<p>&nbsp;<\/p>\n<p style=\"text-align: center;\">Sorbets avec corrections<br \/>\n7a<\/p>\n<p style=\"text-align: center;\">\u00a0 \u00a0 \u00a01 boule CHF 6.-<\/p>\n<p style=\"text-align: center;\">2 boules CHF 10.-<\/p>\n<p>[\/vc_column_text]<div style=\"background-color:;height: 10px\" class=\"nicdark_section  \"><\/div>\n    <div style=\"text-align:center\" class=\"nd_options_section\">\n      <img decoding=\"async\" alt=\"\" style=\"width:\" class=\" nd_options_margin_0 nd_options_padding_0 \" src=\"\">\n    <\/div>\n   [\/vc_column][\/vc_row]<\/p>\n","protected":false},"excerpt":{"rendered":"<p>[vc_row css=&#8221;.vc_custom_1601637768457{margin-top: 50px !important;}&#8221;][vc_column][\/vc_column][\/vc_row][vc_row][vc_column][vc_column_text] Culatello di Modena affin\u00e9 36 mois, mousse de foie gras et chicor\u00e9e saut\u00e9e 7a,8a, 12a \u00a0 CHF 30.-\u00a0 \u00a0 \u00a0 \u00a0\u00bd portion \u00a0 CHF 20.- &nbsp; Viande sal\u00e9e, vinaigre de framboises, mayonnaise au c\u00e9leri, p\u00e9tales de fromage d&#8217;Alpe et radis marin\u00e9s 7a, 8a, 9a, 12a \u00a0 CHF 28.- &nbsp; Artichaut \u00e0 [&hellip;]<\/p>\n","protected":false},"author":2,"featured_media":0,"parent":0,"menu_order":0,"comment_status":"closed","ping_status":"closed","template":"","meta":{"footnotes":""},"class_list":["post-9555","page","type-page","status-publish","hentry"],"yoast_head":"<!-- This site is optimized with the Yoast SEO plugin v26.9 - https:\/\/yoast.com\/product\/yoast-seo-wordpress\/ -->\n<title>Menu Gastronomico - Hotel Cereda<\/title>\n<meta name=\"description\" content=\"Scopri il nostro raffinato menu che il nostro chef prepara per i nostri ospiti. Prenota un tavolo ti aspettiamo!\" \/>\n<meta name=\"robots\" content=\"index, follow, max-snippet:-1, max-image-preview:large, max-video-preview:-1\" \/>\n<link rel=\"canonical\" href=\"https:\/\/www.hotelcereda.ch\/?page_id=9555\" \/>\n<meta property=\"og:locale\" content=\"it_IT\" \/>\n<meta property=\"og:type\" content=\"article\" \/>\n<meta property=\"og:title\" content=\"Menu Gastronomico - Hotel Cereda\" \/>\n<meta property=\"og:description\" content=\"Scopri il nostro raffinato menu che il nostro chef prepara per i nostri ospiti. Prenota un tavolo ti aspettiamo!\" \/>\n<meta property=\"og:url\" content=\"https:\/\/www.hotelcereda.ch\/?page_id=9555&amp;lang=fr\" \/>\n<meta property=\"og:site_name\" content=\"Hotel Cereda\" \/>\n<meta property=\"article:modified_time\" content=\"2026-02-13T12:14:41+00:00\" \/>\n<meta name=\"twitter:card\" content=\"summary_large_image\" \/>\n<meta name=\"twitter:label1\" content=\"Tempo di lettura stimato\" \/>\n\t<meta name=\"twitter:data1\" content=\"4 minuti\" \/>\n<script type=\"application\/ld+json\" class=\"yoast-schema-graph\">{\"@context\":\"https:\/\/schema.org\",\"@graph\":[{\"@type\":\"WebPage\",\"@id\":\"https:\/\/www.hotelcereda.ch\/?page_id=9555&lang=fr\",\"url\":\"https:\/\/www.hotelcereda.ch\/?page_id=9555&lang=fr\",\"name\":\"Menu Gastronomico - Hotel Cereda\",\"isPartOf\":{\"@id\":\"https:\/\/www.hotelcereda.ch\/#website\"},\"datePublished\":\"2026-02-02T21:58:32+00:00\",\"dateModified\":\"2026-02-13T12:14:41+00:00\",\"description\":\"Scopri il nostro raffinato menu che il nostro chef prepara per i nostri ospiti. Prenota un tavolo ti aspettiamo!\",\"breadcrumb\":{\"@id\":\"https:\/\/www.hotelcereda.ch\/?page_id=9555&lang=fr#breadcrumb\"},\"inLanguage\":\"it-IT\",\"potentialAction\":[{\"@type\":\"ReadAction\",\"target\":[\"https:\/\/www.hotelcereda.ch\/?page_id=9555&lang=fr\"]}]},{\"@type\":\"BreadcrumbList\",\"@id\":\"https:\/\/www.hotelcereda.ch\/?page_id=9555&lang=fr#breadcrumb\",\"itemListElement\":[{\"@type\":\"ListItem\",\"position\":1,\"name\":\"Home\",\"item\":\"https:\/\/www.hotelcereda.ch\/\"},{\"@type\":\"ListItem\",\"position\":2,\"name\":\"Menu \u00e0 la carte feb 26\"}]},{\"@type\":\"WebSite\",\"@id\":\"https:\/\/www.hotelcereda.ch\/#website\",\"url\":\"https:\/\/www.hotelcereda.ch\/\",\"name\":\"Hotel Cereda\",\"description\":\"Hotel Cereda Sementina Prenota Ora\",\"publisher\":{\"@id\":\"https:\/\/www.hotelcereda.ch\/#organization\"},\"potentialAction\":[{\"@type\":\"SearchAction\",\"target\":{\"@type\":\"EntryPoint\",\"urlTemplate\":\"https:\/\/www.hotelcereda.ch\/?s={search_term_string}\"},\"query-input\":{\"@type\":\"PropertyValueSpecification\",\"valueRequired\":true,\"valueName\":\"search_term_string\"}}],\"inLanguage\":\"it-IT\"},{\"@type\":\"Organization\",\"@id\":\"https:\/\/www.hotelcereda.ch\/#organization\",\"name\":\"Hotel Cereda\",\"url\":\"https:\/\/www.hotelcereda.ch\/\",\"logo\":{\"@type\":\"ImageObject\",\"inLanguage\":\"it-IT\",\"@id\":\"https:\/\/www.hotelcereda.ch\/#\/schema\/logo\/image\/\",\"url\":\"https:\/\/www.hotelcereda.ch\/wp-content\/uploads\/2020\/04\/logo_cereda.gif\",\"contentUrl\":\"https:\/\/www.hotelcereda.ch\/wp-content\/uploads\/2020\/04\/logo_cereda.gif\",\"width\":300,\"height\":124,\"caption\":\"Hotel Cereda\"},\"image\":{\"@id\":\"https:\/\/www.hotelcereda.ch\/#\/schema\/logo\/image\/\"}}]}<\/script>\n<!-- \/ Yoast SEO plugin. -->","yoast_head_json":{"title":"Menu Gastronomico - Hotel Cereda","description":"Scopri il nostro raffinato menu che il nostro chef prepara per i nostri ospiti. Prenota un tavolo ti aspettiamo!","robots":{"index":"index","follow":"follow","max-snippet":"max-snippet:-1","max-image-preview":"max-image-preview:large","max-video-preview":"max-video-preview:-1"},"canonical":"https:\/\/www.hotelcereda.ch\/?page_id=9555","og_locale":"it_IT","og_type":"article","og_title":"Menu Gastronomico - Hotel Cereda","og_description":"Scopri il nostro raffinato menu che il nostro chef prepara per i nostri ospiti. Prenota un tavolo ti aspettiamo!","og_url":"https:\/\/www.hotelcereda.ch\/?page_id=9555&lang=fr","og_site_name":"Hotel Cereda","article_modified_time":"2026-02-13T12:14:41+00:00","twitter_card":"summary_large_image","twitter_misc":{"Tempo di lettura stimato":"4 minuti"},"schema":{"@context":"https:\/\/schema.org","@graph":[{"@type":"WebPage","@id":"https:\/\/www.hotelcereda.ch\/?page_id=9555&lang=fr","url":"https:\/\/www.hotelcereda.ch\/?page_id=9555&lang=fr","name":"Menu Gastronomico - Hotel Cereda","isPartOf":{"@id":"https:\/\/www.hotelcereda.ch\/#website"},"datePublished":"2026-02-02T21:58:32+00:00","dateModified":"2026-02-13T12:14:41+00:00","description":"Scopri il nostro raffinato menu che il nostro chef prepara per i nostri ospiti. Prenota un tavolo ti aspettiamo!","breadcrumb":{"@id":"https:\/\/www.hotelcereda.ch\/?page_id=9555&lang=fr#breadcrumb"},"inLanguage":"it-IT","potentialAction":[{"@type":"ReadAction","target":["https:\/\/www.hotelcereda.ch\/?page_id=9555&lang=fr"]}]},{"@type":"BreadcrumbList","@id":"https:\/\/www.hotelcereda.ch\/?page_id=9555&lang=fr#breadcrumb","itemListElement":[{"@type":"ListItem","position":1,"name":"Home","item":"https:\/\/www.hotelcereda.ch\/"},{"@type":"ListItem","position":2,"name":"Menu \u00e0 la carte feb 26"}]},{"@type":"WebSite","@id":"https:\/\/www.hotelcereda.ch\/#website","url":"https:\/\/www.hotelcereda.ch\/","name":"Hotel Cereda","description":"Hotel Cereda Sementina Prenota Ora","publisher":{"@id":"https:\/\/www.hotelcereda.ch\/#organization"},"potentialAction":[{"@type":"SearchAction","target":{"@type":"EntryPoint","urlTemplate":"https:\/\/www.hotelcereda.ch\/?s={search_term_string}"},"query-input":{"@type":"PropertyValueSpecification","valueRequired":true,"valueName":"search_term_string"}}],"inLanguage":"it-IT"},{"@type":"Organization","@id":"https:\/\/www.hotelcereda.ch\/#organization","name":"Hotel Cereda","url":"https:\/\/www.hotelcereda.ch\/","logo":{"@type":"ImageObject","inLanguage":"it-IT","@id":"https:\/\/www.hotelcereda.ch\/#\/schema\/logo\/image\/","url":"https:\/\/www.hotelcereda.ch\/wp-content\/uploads\/2020\/04\/logo_cereda.gif","contentUrl":"https:\/\/www.hotelcereda.ch\/wp-content\/uploads\/2020\/04\/logo_cereda.gif","width":300,"height":124,"caption":"Hotel Cereda"},"image":{"@id":"https:\/\/www.hotelcereda.ch\/#\/schema\/logo\/image\/"}}]}},"_links":{"self":[{"href":"https:\/\/www.hotelcereda.ch\/index.php?rest_route=\/wp\/v2\/pages\/9555","targetHints":{"allow":["GET"]}}],"collection":[{"href":"https:\/\/www.hotelcereda.ch\/index.php?rest_route=\/wp\/v2\/pages"}],"about":[{"href":"https:\/\/www.hotelcereda.ch\/index.php?rest_route=\/wp\/v2\/types\/page"}],"author":[{"embeddable":true,"href":"https:\/\/www.hotelcereda.ch\/index.php?rest_route=\/wp\/v2\/users\/2"}],"replies":[{"embeddable":true,"href":"https:\/\/www.hotelcereda.ch\/index.php?rest_route=%2Fwp%2Fv2%2Fcomments&post=9555"}],"version-history":[{"count":13,"href":"https:\/\/www.hotelcereda.ch\/index.php?rest_route=\/wp\/v2\/pages\/9555\/revisions"}],"predecessor-version":[{"id":9636,"href":"https:\/\/www.hotelcereda.ch\/index.php?rest_route=\/wp\/v2\/pages\/9555\/revisions\/9636"}],"wp:attachment":[{"href":"https:\/\/www.hotelcereda.ch\/index.php?rest_route=%2Fwp%2Fv2%2Fmedia&parent=9555"}],"curies":[{"name":"wp","href":"https:\/\/api.w.org\/{rel}","templated":true}]}}