{"id":9553,"date":"2026-02-02T22:59:06","date_gmt":"2026-02-02T21:59:06","guid":{"rendered":"https:\/\/www.hotelcereda.ch\/?page_id=9553"},"modified":"2026-02-13T13:15:01","modified_gmt":"2026-02-13T12:15:01","slug":"menu-a-la-carte-feb-26","status":"publish","type":"page","link":"https:\/\/www.hotelcereda.ch\/?page_id=9553&lang=de","title":{"rendered":"Menu \u00e0 la carte feb 26"},"content":{"rendered":"<p>[vc_row css=&#8221;.vc_custom_1601637768457{margin-top: 50px !important;}&#8221;][vc_column]<div style=\"background-color:;height: 20px\" class=\"nicdark_section  \"><\/div> <h1 style=\"color:#c19b76;padding:px;text-align:center;font-size:55px;line-height:px;letter-spacing: px;font-weight:normal\" class=\"  nd_options_font_size_40_important_all_iphone nd_options_line_height_40_important_all_iphone nd_options_first_font \">Menu \u00e0 la Carte<\/h1> <div style=\"background-color:;height: 30px\" class=\"nicdark_section  \"><\/div>\n    <div class=\"nd_options_section nd_options_line_height_0  nd_options_text_align_center \">\n        <span style=\"height:3px;width:50px;background-color:#878787\" class=\"nd_options_display_inline_block\"><\/span>\n    <\/div>\n   <div style=\"background-color:;height: 35px\" class=\"nicdark_section  \"><\/div>[\/vc_column][\/vc_row][vc_row][vc_column] <h1 style=\"color:#1c1c1c;padding:px;text-align:center;font-size:55px;line-height:px;letter-spacing: px;font-weight:normal\" class=\"  nd_options_font_size_40_important_all_iphone nd_options_line_height_40_important_all_iphone nd_options_first_font \">Vorspeisen<\/h1> <div style=\"background-color:;height: 10px\" class=\"nicdark_section  \"><\/div>[vc_column_text]<\/p>\n<p style=\"text-align: center;\">36 Monate gereifter Culatello di Modena, Foie Gras-Mousse und sautierte Chicor\u00e9e<\/p>\n<p style=\"text-align: center;\">7a, 8a, 12a<\/p>\n<p style=\"text-align: center;\">30.-\u00a0 \u00a0 \u00a0 \u00bd Portion\u00a0 CHF 20.-<\/p>\n<p>&nbsp;<\/p>\n<p style=\"text-align: center;\">Gesalzenes Fleisch, Himbeeressig, Sellerie-Mayonnaise, Alpk\u00e4se-Bl\u00fcten und marinierte Radieschen<\/p>\n<p style=\"text-align: center;\">7a, 8a, 9a, 12a<\/p>\n<p style=\"text-align: center;\">CHF 28.-<\/p>\n<p>&nbsp;<\/p>\n<p style=\"text-align: center;\">Artischocke alla Giudia, Pecorino-Fondue und schwarzes Knoblauchpulver<\/p>\n<p style=\"text-align: center;\">1a, 7a<\/p>\n<p style=\"text-align: center;\">CHF 16.-<\/p>\n<p>&nbsp;<\/p>\n<p style=\"text-align: center;\">Gegrillter Tintenfisch, Montanara mit Tomaten, Stracciatella und knusprigen Taggiasca-Oliven<\/p>\n<p style=\"text-align: center;\">1a, 7a, 8a, 12a, 14a<\/p>\n<p style=\"text-align: center;\">CHF 26.-<\/p>\n<p>&nbsp;<\/p>\n<p style=\"text-align: center;\">Mit Salami gef\u00fcllte Morcheln in Panko-Kruste und Brotcreme aus dem Maggiatal mit Fenchelmayonnaise und Basilikum\u00f6l<\/p>\n<p style=\"text-align: center;\">1a, 3a, 6a, 7a, 12a<\/p>\n<p style=\"text-align: center;\">CHF 20.-<\/p>\n<p>&nbsp;<\/p>\n<p style=\"text-align: center;\">Muscheln im Teigmantel, Yuzu-Mayonnaise, junger Salat und Lachsrogen<\/p>\n<p style=\"text-align: center;\">1a, 3a, 6a, 7a, 9a, 12a<\/p>\n<p style=\"text-align: center;\">CHF 22.-<\/p>\n<p>&nbsp;<\/p>\n<p style=\"text-align: center;\">Karotten-Ingwer-Cremesuppe mit knackigen Karottenstreifen<\/p>\n<p style=\"text-align: center;\">7a,9a<\/p>\n<p style=\"text-align: center;\">CHF 14.-<\/p>\n<p>[\/vc_column_text]<div style=\"background-color:;height: 30px\" class=\"nicdark_section  \"><\/div> <h1 style=\"color:#1c1c1c;padding:px;text-align:center;font-size:55px;line-height:px;letter-spacing: px;font-weight:normal\" class=\"  nd_options_font_size_40_important_all_iphone nd_options_line_height_40_important_all_iphone nd_options_first_font \">Pasta und Risottos<\/h1> <div style=\"background-color:;height: 10px\" class=\"nicdark_section  \"><\/div>[vc_column_text]<\/p>\n<p style=\"text-align: center;\">Ziti alla genovese und Pecorino K\u00e4semousse<\/p>\n<p style=\"text-align: center;\">1a, 3a, 7a, 12a<\/p>\n<p style=\"text-align: center;\">CHF 26.-<\/p>\n<p>&nbsp;<\/p>\n<p style=\"text-align: center;\">Gef\u00fcllte Pappardelle mit Kaninchen, Philadelphia und Zitrusfr\u00fcchten mit Kalbsjus, Fava-Bohnen-Creme mit Limettenluft<\/p>\n<p style=\"text-align: center;\">1a, 3a, 6a, 7a, 8a, 9a, 12a<\/p>\n<p style=\"text-align: center;\">CHF 28.-<\/p>\n<p>&nbsp;<\/p>\n<p style=\"text-align: center;\">Kartoffelgnocchi mit Pflanzenkohle, roten Garnelen und Buratina-K\u00e4se auf leichter Sahnecreme mit Zitronenessenz<\/p>\n<p style=\"text-align: center;\">1a, 2a, 7a, 8a, 12a<\/p>\n<p style=\"text-align: center;\">CHF 30.-<\/p>\n<p>&nbsp;<\/p>\n<p style=\"text-align: center;\">Tortelloni gef\u00fcllt mit Meeresfr\u00fcchten, Erbsencreme, Ricotta, Limettenluft und Tomatenpulver<\/p>\n<p style=\"text-align: center;\">1a, 2a, 3a, 4a, 6a, 7a, 14a<\/p>\n<p style=\"text-align: center;\">CHF 28.-<\/p>\n<p>&nbsp;<\/p>\n<p style=\"text-align: center;\">Risotto aus ausgew\u00e4hlten Carnaroli-Reis mit Blauschimmelk\u00e4se und in Cognac flambierten Kalbsbries<\/p>\n<p style=\"text-align: center;\"><em>(mindestens 2 Personen, Wartezeit 15 Min.)<\/em><\/p>\n<p style=\"text-align: center;\">3a, 7a, 12a<\/p>\n<p style=\"text-align: center;\">CHF 32.- pro Person<\/p>\n<p>[\/vc_column_text]<div style=\"background-color:;height: 10px\" class=\"nicdark_section  \"><\/div>[\/vc_column][\/vc_row][vc_row][vc_column]<div style=\"background-color:;height: 25px\" class=\"nicdark_section  \"><\/div> <h1 style=\"color:#1c1c1c;padding:px;text-align:center;font-size:55px;line-height:px;letter-spacing: px;font-weight:normal\" class=\"  nd_options_font_size_40_important_all_iphone nd_options_line_height_40_important_all_iphone nd_options_first_font \">Fleisch<\/h1> <div style=\"background-color:;height: 10px\" class=\"nicdark_section  \"><\/div>[vc_column_text]<\/p>\n<p style=\"text-align: center;\">Bei niedriger Temperatur gegarter ger\u00e4ucherter Priesterhut, Kartoffelp\u00fcree mit Tr\u00fcffeln und knusprigem Spinat<\/p>\n<p style=\"text-align: center;\">7a, 8a, 12a<\/p>\n<p style=\"text-align: center;\">CHF 42.-<\/p>\n<p>&nbsp;<\/p>\n<p style=\"text-align: center;\">Gegrilltes Kalbs-Paillard, Pommes frites und Gem\u00fcse der Saison<\/p>\n<p style=\"text-align: center;\">1a,7a<br \/>\nCHF 46.-<\/p>\n<p>&nbsp;<\/p>\n<p style=\"text-align: center;\">Bun mit Kalbsfleisch, geschmolzenem K\u00e4se, s\u00fc\u00df-sauren Gurken und BBQ-Sauce serviert mit Pommes frites<\/p>\n<p style=\"text-align: center;\">1a, 3a, 6a, 7a, 8a, 12a<\/p>\n<p style=\"text-align: center;\">CHF 38.-<\/p>\n<p>&nbsp;<\/p>\n<p style=\"text-align: center;\">Fassone Piemontese-Rinderfilet auf Piodastein<br \/>\nServiert mit drei Sauces und aromatisierten Salzen<\/p>\n<p style=\"text-align: center;\">3a, 7a, 12a<\/p>\n<p style=\"text-align: center;\">CHF 52.-<\/p>\n<p>&nbsp;<\/p>\n<p style=\"text-align: center;\">Klassisches Chateaubriand des Hauses<br \/>\nreichhaltige Beilagen der Saison, sautierte Steinpilze mit Sauce Bernese<\/p>\n<p style=\"text-align: center;\"><em>(mindestens 2 Personen, Wartezeit 15 Min.)<\/em><\/p>\n<p style=\"text-align: center;\">3a, 7a, 12a<\/p>\n<p style=\"text-align: center;\">CHF 70.- pro Person<\/p>\n<p>[\/vc_column_text][\/vc_column][\/vc_row][vc_row][vc_column]<div style=\"background-color:;height: 25px\" class=\"nicdark_section  \"><\/div> <h1 style=\"color:#1c1c1c;padding:px;text-align:center;font-size:55px;line-height:px;letter-spacing: px;font-weight:normal\" class=\"  nd_options_font_size_40_important_all_iphone nd_options_line_height_40_important_all_iphone nd_options_first_font \">Fisch<\/h1> <div style=\"background-color:;height: 10px\" class=\"nicdark_section  \"><\/div>[vc_column_text]<\/p>\n<p style=\"text-align: center;\">Black Code in Miso mariniert, Carbonara mit Siphon und Sternanis<\/p>\n<p style=\"text-align: center;\">Serviert mit Gr\u00fcnkohl in Brat\u00f6l und gebratene Kartoffelzylinder<\/p>\n<p style=\"text-align: center;\">1a, 3a, 4a, 6a, 7a, 12a<\/p>\n<p style=\"text-align: center;\">CHF 40.-<\/p>\n<p>&nbsp;<\/p>\n<p style=\"text-align: center;\">Gef\u00fcllte Meerbarbe mit Eskariol, Oliven und Pinienkernen in Brotkruste, Chili-Mayonnaise auf Gem\u00fcse in Weinessig<\/p>\n<p style=\"text-align: center;\">1a, 3a, 6a, 7a, 12a<\/p>\n<p style=\"text-align: center;\">CHF 44.-<\/p>\n<p>[\/vc_column_text][\/vc_column][\/vc_row][vc_row][vc_column]<div style=\"background-color:;height: 25px\" class=\"nicdark_section  \"><\/div> <h1 style=\"color:#1c1c1c;padding:px;text-align:center;font-size:55px;line-height:px;letter-spacing: px;font-weight:normal\" class=\"  nd_options_font_size_40_important_all_iphone nd_options_line_height_40_important_all_iphone nd_options_first_font \">Dessert<\/h1> <div style=\"background-color:;height: 20px\" class=\"nicdark_section  \"><\/div>[vc_column_text]<\/p>\n<p style=\"text-align: center;\">Bayerische Creme mit Mandarine und Sorbet<\/p>\n<p style=\"text-align: center;\">3a 6a, 7a 8a 12a<\/p>\n<p style=\"text-align: center;\">CHF 12.-<\/p>\n<p>&nbsp;<\/p>\n<p style=\"text-align: center;\">Tiramisu&#8217;\u00a0 klassisch<\/p>\n<p style=\"text-align: center;\">1a, 3a, 7a, 8a<\/p>\n<p style=\"text-align: center;\">CHF 10.-<\/p>\n<p>&nbsp;<\/p>\n<p style=\"text-align: center;\">M\u00fcrbeteigt\u00f6rtchen mit Ricotta und Rum-Birnen<\/p>\n<p style=\"text-align: center;\">1a, 3a, 7a, 8a, 12a<\/p>\n<p style=\"text-align: center;\">CHF 12.-<\/p>\n<p>&nbsp;<\/p>\n<p style=\"text-align: center;\">Schokoladent\u00f6rtchen, Ganache aus wei\u00dfer Schokolade und Himbeeren, Vanilleeis<\/p>\n<p style=\"text-align: center;\">1a, 3a, 6a, 7a, 8a<\/p>\n<p style=\"text-align: center;\">CHF 14.-<\/p>\n<p>&nbsp;<\/p>\n<p style=\"text-align: center;\">Sorbets mit Korrektur<\/p>\n<p style=\"text-align: center;\">7a<\/p>\n<p style=\"text-align: center;\">1 Kugel CHF 6.-<\/p>\n<p style=\"text-align: center;\">2 Kugel CHF 10.-<\/p>\n<p>[\/vc_column_text]<div style=\"background-color:;height: 10px\" class=\"nicdark_section  \"><\/div>[\/vc_column][\/vc_row][vc_row][vc_column]<div style=\"background-color:;height: 30px\" class=\"nicdark_section  \"><\/div><div style=\"background-color:;height: 40px\" class=\"nicdark_section  \"><\/div>[\/vc_column][\/vc_row]<\/p>\n","protected":false},"excerpt":{"rendered":"<p>[vc_row css=&#8221;.vc_custom_1601637768457{margin-top: 50px !important;}&#8221;][vc_column][\/vc_column][\/vc_row][vc_row][vc_column][vc_column_text] 36 Monate gereifter Culatello di Modena, Foie Gras-Mousse und sautierte Chicor\u00e9e 7a, 8a, 12a 30.-\u00a0 \u00a0 \u00a0 \u00bd Portion\u00a0 CHF 20.- &nbsp; Gesalzenes Fleisch, Himbeeressig, Sellerie-Mayonnaise, Alpk\u00e4se-Bl\u00fcten und marinierte Radieschen 7a, 8a, 9a, 12a CHF 28.- &nbsp; Artischocke alla Giudia, Pecorino-Fondue und schwarzes Knoblauchpulver 1a, 7a CHF 16.- &nbsp; Gegrillter Tintenfisch, [&hellip;]<\/p>\n","protected":false},"author":2,"featured_media":0,"parent":0,"menu_order":0,"comment_status":"closed","ping_status":"closed","template":"","meta":{"footnotes":""},"class_list":["post-9553","page","type-page","status-publish","hentry"],"yoast_head":"<!-- This site is optimized with the Yoast SEO plugin v26.9 - https:\/\/yoast.com\/product\/yoast-seo-wordpress\/ -->\n<title>Menu Gastronomico - Hotel Cereda<\/title>\n<meta name=\"description\" content=\"Scopri il nostro raffinato menu che il nostro chef prepara per i nostri ospiti. Prenota un tavolo ti aspettiamo!\" \/>\n<meta name=\"robots\" content=\"index, follow, max-snippet:-1, max-image-preview:large, max-video-preview:-1\" \/>\n<link rel=\"canonical\" href=\"https:\/\/www.hotelcereda.ch\/?page_id=9553\" \/>\n<meta property=\"og:locale\" content=\"it_IT\" \/>\n<meta property=\"og:type\" content=\"article\" \/>\n<meta property=\"og:title\" content=\"Menu Gastronomico - Hotel Cereda\" \/>\n<meta property=\"og:description\" content=\"Scopri il nostro raffinato menu che il nostro chef prepara per i nostri ospiti. Prenota un tavolo ti aspettiamo!\" \/>\n<meta property=\"og:url\" content=\"https:\/\/www.hotelcereda.ch\/?page_id=9553&amp;lang=de\" \/>\n<meta property=\"og:site_name\" content=\"Hotel Cereda\" \/>\n<meta property=\"article:modified_time\" content=\"2026-02-13T12:15:01+00:00\" \/>\n<meta name=\"twitter:card\" content=\"summary_large_image\" \/>\n<meta name=\"twitter:label1\" content=\"Tempo di lettura stimato\" \/>\n\t<meta name=\"twitter:data1\" content=\"3 minuti\" \/>\n<script type=\"application\/ld+json\" class=\"yoast-schema-graph\">{\"@context\":\"https:\/\/schema.org\",\"@graph\":[{\"@type\":\"WebPage\",\"@id\":\"https:\/\/www.hotelcereda.ch\/?page_id=9553&lang=de\",\"url\":\"https:\/\/www.hotelcereda.ch\/?page_id=9553&lang=de\",\"name\":\"Menu Gastronomico - Hotel Cereda\",\"isPartOf\":{\"@id\":\"https:\/\/www.hotelcereda.ch\/#website\"},\"datePublished\":\"2026-02-02T21:59:06+00:00\",\"dateModified\":\"2026-02-13T12:15:01+00:00\",\"description\":\"Scopri il nostro raffinato menu che il nostro chef prepara per i nostri ospiti. Prenota un tavolo ti aspettiamo!\",\"breadcrumb\":{\"@id\":\"https:\/\/www.hotelcereda.ch\/?page_id=9553&lang=de#breadcrumb\"},\"inLanguage\":\"it-IT\",\"potentialAction\":[{\"@type\":\"ReadAction\",\"target\":[\"https:\/\/www.hotelcereda.ch\/?page_id=9553&lang=de\"]}]},{\"@type\":\"BreadcrumbList\",\"@id\":\"https:\/\/www.hotelcereda.ch\/?page_id=9553&lang=de#breadcrumb\",\"itemListElement\":[{\"@type\":\"ListItem\",\"position\":1,\"name\":\"Home\",\"item\":\"https:\/\/www.hotelcereda.ch\/\"},{\"@type\":\"ListItem\",\"position\":2,\"name\":\"Menu \u00e0 la carte feb 26\"}]},{\"@type\":\"WebSite\",\"@id\":\"https:\/\/www.hotelcereda.ch\/#website\",\"url\":\"https:\/\/www.hotelcereda.ch\/\",\"name\":\"Hotel Cereda\",\"description\":\"Hotel Cereda Sementina Prenota Ora\",\"publisher\":{\"@id\":\"https:\/\/www.hotelcereda.ch\/#organization\"},\"potentialAction\":[{\"@type\":\"SearchAction\",\"target\":{\"@type\":\"EntryPoint\",\"urlTemplate\":\"https:\/\/www.hotelcereda.ch\/?s={search_term_string}\"},\"query-input\":{\"@type\":\"PropertyValueSpecification\",\"valueRequired\":true,\"valueName\":\"search_term_string\"}}],\"inLanguage\":\"it-IT\"},{\"@type\":\"Organization\",\"@id\":\"https:\/\/www.hotelcereda.ch\/#organization\",\"name\":\"Hotel Cereda\",\"url\":\"https:\/\/www.hotelcereda.ch\/\",\"logo\":{\"@type\":\"ImageObject\",\"inLanguage\":\"it-IT\",\"@id\":\"https:\/\/www.hotelcereda.ch\/#\/schema\/logo\/image\/\",\"url\":\"https:\/\/www.hotelcereda.ch\/wp-content\/uploads\/2020\/04\/logo_cereda.gif\",\"contentUrl\":\"https:\/\/www.hotelcereda.ch\/wp-content\/uploads\/2020\/04\/logo_cereda.gif\",\"width\":300,\"height\":124,\"caption\":\"Hotel Cereda\"},\"image\":{\"@id\":\"https:\/\/www.hotelcereda.ch\/#\/schema\/logo\/image\/\"}}]}<\/script>\n<!-- \/ Yoast SEO plugin. -->","yoast_head_json":{"title":"Menu Gastronomico - Hotel Cereda","description":"Scopri il nostro raffinato menu che il nostro chef prepara per i nostri ospiti. Prenota un tavolo ti aspettiamo!","robots":{"index":"index","follow":"follow","max-snippet":"max-snippet:-1","max-image-preview":"max-image-preview:large","max-video-preview":"max-video-preview:-1"},"canonical":"https:\/\/www.hotelcereda.ch\/?page_id=9553","og_locale":"it_IT","og_type":"article","og_title":"Menu Gastronomico - Hotel Cereda","og_description":"Scopri il nostro raffinato menu che il nostro chef prepara per i nostri ospiti. Prenota un tavolo ti aspettiamo!","og_url":"https:\/\/www.hotelcereda.ch\/?page_id=9553&lang=de","og_site_name":"Hotel Cereda","article_modified_time":"2026-02-13T12:15:01+00:00","twitter_card":"summary_large_image","twitter_misc":{"Tempo di lettura stimato":"3 minuti"},"schema":{"@context":"https:\/\/schema.org","@graph":[{"@type":"WebPage","@id":"https:\/\/www.hotelcereda.ch\/?page_id=9553&lang=de","url":"https:\/\/www.hotelcereda.ch\/?page_id=9553&lang=de","name":"Menu Gastronomico - Hotel Cereda","isPartOf":{"@id":"https:\/\/www.hotelcereda.ch\/#website"},"datePublished":"2026-02-02T21:59:06+00:00","dateModified":"2026-02-13T12:15:01+00:00","description":"Scopri il nostro raffinato menu che il nostro chef prepara per i nostri ospiti. Prenota un tavolo ti aspettiamo!","breadcrumb":{"@id":"https:\/\/www.hotelcereda.ch\/?page_id=9553&lang=de#breadcrumb"},"inLanguage":"it-IT","potentialAction":[{"@type":"ReadAction","target":["https:\/\/www.hotelcereda.ch\/?page_id=9553&lang=de"]}]},{"@type":"BreadcrumbList","@id":"https:\/\/www.hotelcereda.ch\/?page_id=9553&lang=de#breadcrumb","itemListElement":[{"@type":"ListItem","position":1,"name":"Home","item":"https:\/\/www.hotelcereda.ch\/"},{"@type":"ListItem","position":2,"name":"Menu \u00e0 la carte feb 26"}]},{"@type":"WebSite","@id":"https:\/\/www.hotelcereda.ch\/#website","url":"https:\/\/www.hotelcereda.ch\/","name":"Hotel Cereda","description":"Hotel Cereda Sementina Prenota Ora","publisher":{"@id":"https:\/\/www.hotelcereda.ch\/#organization"},"potentialAction":[{"@type":"SearchAction","target":{"@type":"EntryPoint","urlTemplate":"https:\/\/www.hotelcereda.ch\/?s={search_term_string}"},"query-input":{"@type":"PropertyValueSpecification","valueRequired":true,"valueName":"search_term_string"}}],"inLanguage":"it-IT"},{"@type":"Organization","@id":"https:\/\/www.hotelcereda.ch\/#organization","name":"Hotel Cereda","url":"https:\/\/www.hotelcereda.ch\/","logo":{"@type":"ImageObject","inLanguage":"it-IT","@id":"https:\/\/www.hotelcereda.ch\/#\/schema\/logo\/image\/","url":"https:\/\/www.hotelcereda.ch\/wp-content\/uploads\/2020\/04\/logo_cereda.gif","contentUrl":"https:\/\/www.hotelcereda.ch\/wp-content\/uploads\/2020\/04\/logo_cereda.gif","width":300,"height":124,"caption":"Hotel Cereda"},"image":{"@id":"https:\/\/www.hotelcereda.ch\/#\/schema\/logo\/image\/"}}]}},"_links":{"self":[{"href":"https:\/\/www.hotelcereda.ch\/index.php?rest_route=\/wp\/v2\/pages\/9553","targetHints":{"allow":["GET"]}}],"collection":[{"href":"https:\/\/www.hotelcereda.ch\/index.php?rest_route=\/wp\/v2\/pages"}],"about":[{"href":"https:\/\/www.hotelcereda.ch\/index.php?rest_route=\/wp\/v2\/types\/page"}],"author":[{"embeddable":true,"href":"https:\/\/www.hotelcereda.ch\/index.php?rest_route=\/wp\/v2\/users\/2"}],"replies":[{"embeddable":true,"href":"https:\/\/www.hotelcereda.ch\/index.php?rest_route=%2Fwp%2Fv2%2Fcomments&post=9553"}],"version-history":[{"count":13,"href":"https:\/\/www.hotelcereda.ch\/index.php?rest_route=\/wp\/v2\/pages\/9553\/revisions"}],"predecessor-version":[{"id":9637,"href":"https:\/\/www.hotelcereda.ch\/index.php?rest_route=\/wp\/v2\/pages\/9553\/revisions\/9637"}],"wp:attachment":[{"href":"https:\/\/www.hotelcereda.ch\/index.php?rest_route=%2Fwp%2Fv2%2Fmedia&parent=9553"}],"curies":[{"name":"wp","href":"https:\/\/api.w.org\/{rel}","templated":true}]}}