{"id":34,"date":"2017-06-30T09:55:04","date_gmt":"2017-06-30T09:55:04","guid":{"rendered":"http:\/\/www.nicdarkthemes.com\/themes\/hotel\/wp\/demo\/?page_id=34"},"modified":"2024-03-08T10:46:12","modified_gmt":"2024-03-08T09:46:12","slug":"terms-and-conditions","status":"publish","type":"page","link":"https:\/\/www.hotelcereda.ch\/?page_id=34","title":{"rendered":"Terms and Conditions"},"content":{"rendered":"<p>[vc_row css=&#8221;.vc_custom_1492612814975{margin-top: 40px !important;margin-bottom: 40px !important;}&#8221;][vc_column width=&#8221;2\/3&#8243;]<div style=\"background-color:;height: 20px\" class=\"nicdark_section  \"><\/div>[vc_row_inner][vc_column_inner width=&#8221;1\/2&#8243; offset=&#8221;vc_hidden-lg vc_hidden-md vc_hidden-sm vc_hidden-xs&#8221;][vc_column_text]<span class=\"nicdark_font_size_70 nicdark_float_left nicdark_padding_28 nicdark_line_height_30 nd_options_first_font \">A<\/span>ivamus volutpat eros pulvinar velit laoreet, sit amet egestas erat dignis sim. Sed quis rutrum tellus.[\/vc_column_text][\/vc_column_inner][vc_column_inner width=&#8221;1\/2&#8243; offset=&#8221;vc_hidden-lg vc_hidden-md vc_hidden-sm vc_hidden-xs&#8221;][vc_column_text]Vivamus volutpat eros pulvinar velit laoreet, sit ameteg estas erat dignissim. Sed quis rutrum tel lussit amet viverra felis. Cras sagittis sem sit.[\/vc_column_text][\/vc_column_inner][\/vc_row_inner]<div style=\"background-color:;height: 20px\" class=\"nicdark_section  \"><\/div>[vc_column_text]<\/p>\n<h2>Termini e cancellazione:<\/h2>\n<p>In caso di cancellazione effettuata fino a 3 giorni prima della data prevista di arrivo non viene addebitato alcun costo. Oltre tale termine viene fatturato il 100% dell\u2019importo della prima notte.[\/vc_column_text]<div style=\"background-color:;height: 20px\" class=\"nicdark_section  \"><\/div>[vc_column_text]<\/p>\n<h2>Unsere Konditionen bei Annullierung der Reservation<\/h2>\n<p>Bis 3 Tage vor der Anreise: kostenfrei.<br \/>\nDanach werden 100% der Kosten f\u00fcr die erste Nacht berechnet<\/p>\n<p>[\/vc_column_text]<div style=\"background-color:;height: 20px\" class=\"nicdark_section  \"><\/div>[vc_column_text]<\/p>\n<h2>Terms and cancellation:<\/h2>\n<p>3 days before the arrival date, it\u2019s free of charge.<br \/>\nAfter this time, 100% of the cost of the first night will be charged.<\/p>\n<p>[\/vc_column_text]<div style=\"background-color:;height: 20px\" class=\"nicdark_section  \"><\/div>[vc_column_text]<\/p>\n<h2>Termes et annulations:<\/h2>\n<p>Jusqu&#8217;\u00e0 3 jours avant la date d&#8217;arriv\u00e9e, aucun frais factur\u00e9.<br \/>\nHors de ce d\u00e9lai, le 100% du co\u00fbt de la premi\u00e8re nuit sera factur\u00e9.<\/p>\n<p>[\/vc_column_text][\/vc_column][vc_column width=&#8221;1\/3&#8243; css=&#8221;.vc_custom_1486115020030{padding-right: 30px !important;padding-left: 30px !important;}&#8221;]<div style=\"background-color:;height: 20px\" class=\"nicdark_section  \"><\/div>[vc_row_inner][vc_column_inner css=&#8221;.vc_custom_1502726150459{padding-top: 30px !important;padding-right: 30px !important;padding-bottom: 15px !important;padding-left: 30px !important;background-color: #1c1c1c !important;}&#8221;] <h5 style=\"color:#ffffff;padding:px;text-align:center;font-size:12px;line-height:12px;letter-spacing: 2px;font-weight:lighter\" class=\"   nd_options_second_font \">CONTACT<\/h5> <div style=\"background-color:;height: 10px\" class=\"nicdark_section  \"><\/div> <h2 style=\"color:#ffffff;padding:px;text-align:center;font-size:25px;line-height:25px;letter-spacing: px;font-weight:normal\" class=\"   nd_options_first_font \">Get In Touch<\/h2> <div style=\"background-color:;height: 20px\" class=\"nicdark_section  \"><\/div>\n\n    <!--start form-->\n    <div id=\"nd_options_shortcode_cf7_5669\" class=\"nd_options_section \">\n      \n      <div class=\"nd_options_section nd_options_box_sizing_border_box\">\n        \n<div class=\"wpcf7 no-js\" id=\"wpcf7-f5669-o1\" lang=\"it-IT\" dir=\"ltr\">\n<div class=\"screen-reader-response\"><p role=\"status\" aria-live=\"polite\" aria-atomic=\"true\"><\/p> <ul><\/ul><\/div>\n<form action=\"\/index.php?rest_route=%2Fwp%2Fv2%2Fpages%2F34#wpcf7-f5669-o1\" method=\"post\" class=\"wpcf7-form init\" aria-label=\"Modulo di contatto\" novalidate=\"novalidate\" data-status=\"init\">\n<input type=\"hidden\" name=\"_wpcf7\" value=\"5669\" \/><input type=\"hidden\" name=\"_wpcf7_version\" value=\"6.1.5\" \/><input type=\"hidden\" name=\"_wpcf7_locale\" value=\"it_IT\" \/><input type=\"hidden\" name=\"_wpcf7_unit_tag\" value=\"wpcf7-f5669-o1\" \/><input type=\"hidden\" name=\"_wpcf7_container_post\" value=\"0\" \/><input type=\"hidden\" name=\"_wpcf7_posted_data_hash\" value=\"\" \/><input type=\"hidden\" name=\"_wpcf7_recaptcha_response\" value=\"\" \/>\n\n<p>Name:\n<\/p>\n<p><span class=\"wpcf7-form-control-wrap\" data-name=\"name-form\"><input size=\"40\" class=\"wpcf7-form-control wpcf7-text wpcf7-validates-as-required nd_options_padding_10_20_important nd_options_margin_top_10\" aria-required=\"true\" aria-invalid=\"false\" value=\"\" type=\"text\" name=\"name-form\" \/><\/span>\n<\/p>\n<p>Email:\n<\/p>\n<p><span class=\"wpcf7-form-control-wrap\" data-name=\"email\"><input size=\"40\" class=\"wpcf7-form-control wpcf7-email wpcf7-validates-as-required wpcf7-text wpcf7-validates-as-email nd_options_padding_10_20_important nd_options_margin_top_10\" aria-required=\"true\" aria-invalid=\"false\" value=\"\" type=\"email\" name=\"email\" \/><\/span>\n<\/p>\n<p>Telephone:\n<\/p>\n<p><span class=\"wpcf7-form-control-wrap\" data-name=\"tel-12\"><input size=\"40\" class=\"wpcf7-form-control wpcf7-tel wpcf7-validates-as-required wpcf7-text wpcf7-validates-as-tel nd_options_padding_10_20_important nd_options_margin_top_10\" aria-required=\"true\" aria-invalid=\"false\" value=\"\" type=\"tel\" name=\"tel-12\" \/><\/span>\n<\/p>\n<p>Message:\n<\/p>\n<p><span class=\"wpcf7-form-control-wrap\" data-name=\"message\"><textarea cols=\"40\" rows=\"5\" class=\"wpcf7-form-control wpcf7-textarea nd_options_padding_10_20_important nd_options_margin_top_10\" aria-invalid=\"false\" name=\"message\"><\/textarea><\/span>\n<\/p>\n<p><input class=\"wpcf7-form-control wpcf7-submit has-spinner nd_booking_padding_15_30_important nd_options_second_font_important nd_options_color_white nd_options_display_inline_block nd_options_font_size_11 nd_options_font_weight_bold nd_options_letter_spacing_2 nd_options_section\" type=\"submit\" value=\"SEND\" \/>\n<\/p><input type='hidden' class='wpcf7-pum' value='{\"closepopup\":false,\"closedelay\":0,\"openpopup\":false,\"openpopup_id\":0}' \/><div class=\"wpcf7-response-output\" aria-hidden=\"true\"><\/div>\n<\/form>\n<\/div>\n \n      <\/div>  \n\n    <\/div>\n    <!--end form-->\n\n   [\/vc_column_inner][\/vc_row_inner]<div style=\"background-color:;height: 20px\" class=\"nicdark_section  \"><\/div>[\/vc_column][\/vc_row]<\/p>\n","protected":false},"excerpt":{"rendered":"<p>[vc_row css=&#8221;.vc_custom_1492612814975{margin-top: 40px !important;margin-bottom: 40px !important;}&#8221;][vc_column width=&#8221;2\/3&#8243;][vc_row_inner][vc_column_inner width=&#8221;1\/2&#8243; offset=&#8221;vc_hidden-lg vc_hidden-md vc_hidden-sm vc_hidden-xs&#8221;][vc_column_text]Aivamus volutpat eros pulvinar velit laoreet, sit amet egestas erat dignis sim. Sed quis rutrum tellus.[\/vc_column_text][\/vc_column_inner][vc_column_inner width=&#8221;1\/2&#8243; offset=&#8221;vc_hidden-lg vc_hidden-md vc_hidden-sm vc_hidden-xs&#8221;][vc_column_text]Vivamus volutpat eros pulvinar velit laoreet, sit ameteg estas erat dignissim. Sed quis rutrum tel lussit amet viverra felis. Cras sagittis sem sit.[\/vc_column_text][\/vc_column_inner][\/vc_row_inner][vc_column_text] Termini [&hellip;]<\/p>\n","protected":false},"author":1,"featured_media":0,"parent":0,"menu_order":0,"comment_status":"closed","ping_status":"closed","template":"","meta":{"footnotes":""},"class_list":["post-34","page","type-page","status-publish","hentry"],"yoast_head":"<!-- This site is optimized with the Yoast SEO plugin v26.9 - https:\/\/yoast.com\/product\/yoast-seo-wordpress\/ -->\n<title>Terms and Conditions - Hotel Cereda<\/title>\n<meta name=\"robots\" content=\"index, follow, max-snippet:-1, max-image-preview:large, max-video-preview:-1\" \/>\n<link rel=\"canonical\" href=\"https:\/\/www.hotelcereda.ch\/?page_id=34\" \/>\n<meta property=\"og:locale\" content=\"it_IT\" \/>\n<meta property=\"og:type\" content=\"article\" \/>\n<meta property=\"og:title\" content=\"Terms and Conditions - Hotel Cereda\" \/>\n<meta property=\"og:description\" content=\"[vc_row css=&#8221;.vc_custom_1492612814975{margin-top: 40px !important;margin-bottom: 40px !important;}&#8221;][vc_column width=&#8221;2\/3&#8243;][vc_row_inner][vc_column_inner width=&#8221;1\/2&#8243; offset=&#8221;vc_hidden-lg vc_hidden-md vc_hidden-sm vc_hidden-xs&#8221;][vc_column_text]Aivamus volutpat eros pulvinar velit laoreet, sit amet egestas erat dignis sim. Sed quis rutrum tellus.[\/vc_column_text][\/vc_column_inner][vc_column_inner width=&#8221;1\/2&#8243; offset=&#8221;vc_hidden-lg vc_hidden-md vc_hidden-sm vc_hidden-xs&#8221;][vc_column_text]Vivamus volutpat eros pulvinar velit laoreet, sit ameteg estas erat dignissim. Sed quis rutrum tel lussit amet viverra felis. Cras sagittis sem sit.[\/vc_column_text][\/vc_column_inner][\/vc_row_inner][vc_column_text] Termini [&hellip;]\" \/>\n<meta property=\"og:url\" content=\"https:\/\/www.hotelcereda.ch\/?page_id=34\" \/>\n<meta property=\"og:site_name\" content=\"Hotel Cereda\" \/>\n<meta property=\"article:modified_time\" content=\"2024-03-08T09:46:12+00:00\" \/>\n<meta name=\"twitter:card\" content=\"summary_large_image\" \/>\n<meta name=\"twitter:label1\" content=\"Tempo di lettura stimato\" \/>\n\t<meta name=\"twitter:data1\" content=\"2 minuti\" \/>\n<script type=\"application\/ld+json\" class=\"yoast-schema-graph\">{\"@context\":\"https:\/\/schema.org\",\"@graph\":[{\"@type\":\"WebPage\",\"@id\":\"https:\/\/www.hotelcereda.ch\/?page_id=34\",\"url\":\"https:\/\/www.hotelcereda.ch\/?page_id=34\",\"name\":\"Terms and Conditions - Hotel Cereda\",\"isPartOf\":{\"@id\":\"https:\/\/www.hotelcereda.ch\/#website\"},\"datePublished\":\"2017-06-30T09:55:04+00:00\",\"dateModified\":\"2024-03-08T09:46:12+00:00\",\"breadcrumb\":{\"@id\":\"https:\/\/www.hotelcereda.ch\/?page_id=34#breadcrumb\"},\"inLanguage\":\"it-IT\",\"potentialAction\":[{\"@type\":\"ReadAction\",\"target\":[\"https:\/\/www.hotelcereda.ch\/?page_id=34\"]}]},{\"@type\":\"BreadcrumbList\",\"@id\":\"https:\/\/www.hotelcereda.ch\/?page_id=34#breadcrumb\",\"itemListElement\":[{\"@type\":\"ListItem\",\"position\":1,\"name\":\"Home\",\"item\":\"https:\/\/www.hotelcereda.ch\/\"},{\"@type\":\"ListItem\",\"position\":2,\"name\":\"Terms and Conditions\"}]},{\"@type\":\"WebSite\",\"@id\":\"https:\/\/www.hotelcereda.ch\/#website\",\"url\":\"https:\/\/www.hotelcereda.ch\/\",\"name\":\"Hotel Cereda\",\"description\":\"Hotel Cereda Sementina Prenota Ora\",\"publisher\":{\"@id\":\"https:\/\/www.hotelcereda.ch\/#organization\"},\"potentialAction\":[{\"@type\":\"SearchAction\",\"target\":{\"@type\":\"EntryPoint\",\"urlTemplate\":\"https:\/\/www.hotelcereda.ch\/?s={search_term_string}\"},\"query-input\":{\"@type\":\"PropertyValueSpecification\",\"valueRequired\":true,\"valueName\":\"search_term_string\"}}],\"inLanguage\":\"it-IT\"},{\"@type\":\"Organization\",\"@id\":\"https:\/\/www.hotelcereda.ch\/#organization\",\"name\":\"Hotel Cereda\",\"url\":\"https:\/\/www.hotelcereda.ch\/\",\"logo\":{\"@type\":\"ImageObject\",\"inLanguage\":\"it-IT\",\"@id\":\"https:\/\/www.hotelcereda.ch\/#\/schema\/logo\/image\/\",\"url\":\"https:\/\/www.hotelcereda.ch\/wp-content\/uploads\/2020\/04\/logo_cereda.gif\",\"contentUrl\":\"https:\/\/www.hotelcereda.ch\/wp-content\/uploads\/2020\/04\/logo_cereda.gif\",\"width\":300,\"height\":124,\"caption\":\"Hotel Cereda\"},\"image\":{\"@id\":\"https:\/\/www.hotelcereda.ch\/#\/schema\/logo\/image\/\"}}]}<\/script>\n<!-- \/ Yoast SEO plugin. -->","yoast_head_json":{"title":"Terms and Conditions - Hotel Cereda","robots":{"index":"index","follow":"follow","max-snippet":"max-snippet:-1","max-image-preview":"max-image-preview:large","max-video-preview":"max-video-preview:-1"},"canonical":"https:\/\/www.hotelcereda.ch\/?page_id=34","og_locale":"it_IT","og_type":"article","og_title":"Terms and Conditions - Hotel Cereda","og_description":"[vc_row css=&#8221;.vc_custom_1492612814975{margin-top: 40px !important;margin-bottom: 40px !important;}&#8221;][vc_column width=&#8221;2\/3&#8243;][vc_row_inner][vc_column_inner width=&#8221;1\/2&#8243; offset=&#8221;vc_hidden-lg vc_hidden-md vc_hidden-sm vc_hidden-xs&#8221;][vc_column_text]Aivamus volutpat eros pulvinar velit laoreet, sit amet egestas erat dignis sim. Sed quis rutrum tellus.[\/vc_column_text][\/vc_column_inner][vc_column_inner width=&#8221;1\/2&#8243; offset=&#8221;vc_hidden-lg vc_hidden-md vc_hidden-sm vc_hidden-xs&#8221;][vc_column_text]Vivamus volutpat eros pulvinar velit laoreet, sit ameteg estas erat dignissim. Sed quis rutrum tel lussit amet viverra felis. Cras sagittis sem sit.[\/vc_column_text][\/vc_column_inner][\/vc_row_inner][vc_column_text] Termini [&hellip;]","og_url":"https:\/\/www.hotelcereda.ch\/?page_id=34","og_site_name":"Hotel Cereda","article_modified_time":"2024-03-08T09:46:12+00:00","twitter_card":"summary_large_image","twitter_misc":{"Tempo di lettura stimato":"2 minuti"},"schema":{"@context":"https:\/\/schema.org","@graph":[{"@type":"WebPage","@id":"https:\/\/www.hotelcereda.ch\/?page_id=34","url":"https:\/\/www.hotelcereda.ch\/?page_id=34","name":"Terms and Conditions - Hotel Cereda","isPartOf":{"@id":"https:\/\/www.hotelcereda.ch\/#website"},"datePublished":"2017-06-30T09:55:04+00:00","dateModified":"2024-03-08T09:46:12+00:00","breadcrumb":{"@id":"https:\/\/www.hotelcereda.ch\/?page_id=34#breadcrumb"},"inLanguage":"it-IT","potentialAction":[{"@type":"ReadAction","target":["https:\/\/www.hotelcereda.ch\/?page_id=34"]}]},{"@type":"BreadcrumbList","@id":"https:\/\/www.hotelcereda.ch\/?page_id=34#breadcrumb","itemListElement":[{"@type":"ListItem","position":1,"name":"Home","item":"https:\/\/www.hotelcereda.ch\/"},{"@type":"ListItem","position":2,"name":"Terms and Conditions"}]},{"@type":"WebSite","@id":"https:\/\/www.hotelcereda.ch\/#website","url":"https:\/\/www.hotelcereda.ch\/","name":"Hotel Cereda","description":"Hotel Cereda Sementina Prenota Ora","publisher":{"@id":"https:\/\/www.hotelcereda.ch\/#organization"},"potentialAction":[{"@type":"SearchAction","target":{"@type":"EntryPoint","urlTemplate":"https:\/\/www.hotelcereda.ch\/?s={search_term_string}"},"query-input":{"@type":"PropertyValueSpecification","valueRequired":true,"valueName":"search_term_string"}}],"inLanguage":"it-IT"},{"@type":"Organization","@id":"https:\/\/www.hotelcereda.ch\/#organization","name":"Hotel Cereda","url":"https:\/\/www.hotelcereda.ch\/","logo":{"@type":"ImageObject","inLanguage":"it-IT","@id":"https:\/\/www.hotelcereda.ch\/#\/schema\/logo\/image\/","url":"https:\/\/www.hotelcereda.ch\/wp-content\/uploads\/2020\/04\/logo_cereda.gif","contentUrl":"https:\/\/www.hotelcereda.ch\/wp-content\/uploads\/2020\/04\/logo_cereda.gif","width":300,"height":124,"caption":"Hotel Cereda"},"image":{"@id":"https:\/\/www.hotelcereda.ch\/#\/schema\/logo\/image\/"}}]}},"_links":{"self":[{"href":"https:\/\/www.hotelcereda.ch\/index.php?rest_route=\/wp\/v2\/pages\/34","targetHints":{"allow":["GET"]}}],"collection":[{"href":"https:\/\/www.hotelcereda.ch\/index.php?rest_route=\/wp\/v2\/pages"}],"about":[{"href":"https:\/\/www.hotelcereda.ch\/index.php?rest_route=\/wp\/v2\/types\/page"}],"author":[{"embeddable":true,"href":"https:\/\/www.hotelcereda.ch\/index.php?rest_route=\/wp\/v2\/users\/1"}],"replies":[{"embeddable":true,"href":"https:\/\/www.hotelcereda.ch\/index.php?rest_route=%2Fwp%2Fv2%2Fcomments&post=34"}],"version-history":[{"count":12,"href":"https:\/\/www.hotelcereda.ch\/index.php?rest_route=\/wp\/v2\/pages\/34\/revisions"}],"predecessor-version":[{"id":8553,"href":"https:\/\/www.hotelcereda.ch\/index.php?rest_route=\/wp\/v2\/pages\/34\/revisions\/8553"}],"wp:attachment":[{"href":"https:\/\/www.hotelcereda.ch\/index.php?rest_route=%2Fwp%2Fv2%2Fmedia&parent=34"}],"curies":[{"name":"wp","href":"https:\/\/api.w.org\/{rel}","templated":true}]}}