{"id":3230,"date":"2020-10-26T13:20:18","date_gmt":"2020-10-26T12:20:18","guid":{"rendered":"https:\/\/hotelcereda.ch\/?page_id=3230&#038;lang=de"},"modified":"2023-05-24T21:43:43","modified_gmt":"2023-05-24T19:43:43","slug":"konferenzraeume","status":"publish","type":"page","link":"https:\/\/www.hotelcereda.ch\/?page_id=3230&lang=de","title":{"rendered":"Konferenzr\u00e4ume"},"content":{"rendered":"<p>[vc_row css=&#8221;.vc_custom_1493221622676{margin-top: 20px !important;}&#8221;][vc_column width=&#8221;1\/3&#8243; css=&#8221;.vc_custom_1601463968192{margin-bottom: 20px !important;background-image: url(https:\/\/www.hotelcereda.ch\/wp-content\/uploads\/2020\/09\/sala_classica.jpg?id=2345) !important;background-position: center !important;background-repeat: no-repeat !important;background-size: cover !important;}&#8221; el_class=&#8221;nd_options_text_align_center&#8221;][vc_row_inner][vc_column_inner css=&#8221;.vc_custom_1503504700480{padding-top: 70px !important;padding-bottom: 70px !important;}&#8221;]<div style=\"background-color:;height: 10px\" class=\"nicdark_section  \"><\/div> <h2 style=\"color:#ffffff;padding:px;text-align:center;font-size:25px;line-height:25px;letter-spacing: px;font-weight:normal\" class=\"   nd_options_first_font \">Seminarraum Classic<\/h2> <div style=\"background-color:;height: 30px\" class=\"nicdark_section  \"><\/div>\n\t<div class=\"nd_options_section nd_options_text_align_center\">\n\t<a style=\"border: px solid;border-radius:px;letter-spacing:2px;line-height:11px;font-size:11px;background-color:#444444;padding:15px 35px;margin:;color:#ffffff\" rel=\"\" href=\"https:\/\/www.hotelcereda.ch\/?page_id=3200&amp;lang=de\" class=\"nicdark_display_inline_block  nd_options_font_weight_bold nd_options_second_font  \">WEITERE INFORMATIONEN<\/a>\n\t<\/div>\n[\/vc_column_inner][\/vc_row_inner][\/vc_column][vc_column width=&#8221;1\/3&#8243; css=&#8221;.vc_custom_1601463984378{margin-bottom: 20px !important;background-image: url(https:\/\/www.hotelcereda.ch\/wp-content\/uploads\/2020\/09\/sala_business-1.jpg?id=2346) !important;background-position: center !important;background-repeat: no-repeat !important;background-size: cover !important;}&#8221; el_class=&#8221;nd_options_text_align_center&#8221;][vc_row_inner][vc_column_inner css=&#8221;.vc_custom_1493221459476{padding-top: 70px !important;padding-bottom: 70px !important;}&#8221;]<div style=\"background-color:;height: 10px\" class=\"nicdark_section  \"><\/div> <h2 style=\"color:#ffffff;padding:px;text-align:center;font-size:25px;line-height:25px;letter-spacing: px;font-weight:normal\" class=\"   nd_options_first_font \">Seminarraum Business<\/h2> <div style=\"background-color:;height: 30px\" class=\"nicdark_section  \"><\/div>\n\t<div class=\"nd_options_section nd_options_text_align_center\">\n\t<a style=\"border: px solid;border-radius:px;letter-spacing:2px;line-height:11px;font-size:11px;background-color:#444444;padding:15px 35px;margin:;color:#ffffff\" rel=\"\" href=\"https:\/\/www.hotelcereda.ch\/?page_id=3183&amp;lang=de\" class=\"nicdark_display_inline_block  nd_options_font_weight_bold nd_options_second_font  \">WEITERE INFORMATIONEN<\/a>\n\t<\/div>\n[\/vc_column_inner][\/vc_row_inner][\/vc_column][vc_column width=&#8221;1\/3&#8243; css=&#8221;.vc_custom_1601464002711{margin-bottom: 20px !important;background-image: url(https:\/\/www.hotelcereda.ch\/wp-content\/uploads\/2020\/09\/sala_corner.jpg?id=2347) !important;background-position: center !important;background-repeat: no-repeat !important;background-size: cover !important;}&#8221; el_class=&#8221;nd_options_text_align_center&#8221;][vc_row_inner][vc_column_inner css=&#8221;.vc_custom_1493221469995{padding-top: 70px !important;padding-bottom: 70px !important;}&#8221;]<div style=\"background-color:;height: 10px\" class=\"nicdark_section  \"><\/div> <h2 style=\"color:#ffffff;padding:px;text-align:center;font-size:25px;line-height:25px;letter-spacing: px;font-weight:normal\" class=\"   nd_options_first_font \">Seminarraum Corner<\/h2> <div style=\"background-color:;height: 30px\" class=\"nicdark_section  \"><\/div>\n\t<div class=\"nd_options_section nd_options_text_align_center\">\n\t<a style=\"border: px solid;border-radius:px;letter-spacing:2px;line-height:11px;font-size:11px;background-color:#444444;padding:15px 35px;margin:;color:#ffffff\" rel=\"\" href=\"https:\/\/www.hotelcereda.ch\/?page_id=3211&amp;lang=de\" class=\"nicdark_display_inline_block  nd_options_font_weight_bold nd_options_second_font  \">WEITERE INFORMATIONEN<\/a>\n\t<\/div>\n[\/vc_column_inner][\/vc_row_inner][\/vc_column][\/vc_row][vc_row][vc_column width=&#8221;1\/6&#8243;][\/vc_column][vc_column width=&#8221;2\/3&#8243;][vc_empty_space height=&#8221;45px&#8221;] <h2 style=\"color:;padding:px;text-align:center;font-size:55px;line-height:px;letter-spacing: px;font-weight:normal\" class=\"   nd_options_first_font \">Veranstaltungen<\/h2> [vc_empty_space height=&#8221;45px&#8221;][vc_column_text]Mit 90m2 modularem Raum ausgestattet, ist unsere Seminarraum eine gute Wahl f\u00fcr professionelle Konferenzen und Tagungen.<br \/>\nPerfekt auch f\u00fcr Kleine oder grosse Anl\u00e4sse wie zum beimspiel Aperitifs, Geburtstage und Bankette.<br \/>\nDienstleistungen: Flipchart, Beamer oder LCD-TV62 Zoll, Wi-Fi und grosse Kostenlose Parkplatz.<br \/>\nWir beraten Sie gerne und begleiten Sie bei der Organisation Ihrer Veranstaltung. Wir stehen Ihnen f\u00fcr ein unverbindliches Angebot zur Verf\u00fcgung.[\/vc_column_text]\n\t<div class=\"nd_options_section nd_options_text_align_center\">\n\t<a style=\"border: 2px solid #c19b76;border-radius:px;letter-spacing:px;line-height:25px;font-size:25px;background-color:;padding:5px;margin:;color:#c19b76\" rel=\"\" href=\"https:\/\/www.hotelcereda.ch\/?page_id=3160&amp;lang=de\" class=\"nicdark_display_inline_block  nd_options_font_weight_normal nd_options_first_font  \">M\u00f6chten Sie Ihrem Meeting ein Mittag- oder Abendessen hinzuf\u00fcgen?<\/a>\n\t<\/div>\n[\/vc_column][vc_column width=&#8221;1\/6&#8243;][\/vc_column][\/vc_row][vc_row][vc_column][vc_empty_space][\/vc_column][\/vc_row][vc_row full_width=&#8221;stretch_row&#8221; parallax=&#8221;content-moving&#8221; parallax_image=&#8221;2356&#8243; css=&#8221;.vc_custom_1604445170641{margin-top: 10px !important;padding-top: 100px !important;padding-bottom: 100px !important;}&#8221; el_id=&#8221;nd_options_booking_form&#8221; el_class=&#8221;nd_options_vc_parallax_filter_1_3&#8243;][vc_column width=&#8221;1\/6&#8243;][\/vc_column][vc_column width=&#8221;2\/3&#8243; css=&#8221;.vc_custom_1604445032619{padding-top: 60px !important;padding-right: 30px !important;padding-bottom: 30px !important;padding-left: 30px !important;background-color: #1c1c1c !important;}&#8221;] <h6 style=\"color:#ffffff;padding:px;text-align:center;font-size:12px;line-height:12px;letter-spacing: 2px;font-weight:lighter\" class=\"   nd_options_second_font \">ANGEBOT ANFORDERN<\/h6> <div style=\"background-color:;height: 10px\" class=\"nicdark_section  \"><\/div>\n    <div class=\"nd_options_section nd_options_line_height_0  nd_options_text_align_center \">\n        <span style=\"height:1px;width:30px;background-color:#878787\" class=\"nd_options_display_inline_block\"><\/span>\n    <\/div>\n   <div style=\"background-color:;height: 30px\" class=\"nicdark_section  \"><\/div> <h1 style=\"color:#ffffff;padding:px;text-align:center;font-size:35px;line-height:35px;letter-spacing: px;font-weight:normal\" class=\"   nd_options_first_font \">Kontaktiere Uns<\/h1> <div style=\"background-color:;height: 30px\" class=\"nicdark_section  \"><\/div>\n\n    <!--start form-->\n    <div id=\"nd_options_shortcode_cf7_5650\" class=\"nd_options_section \">\n      \n      <div class=\"nd_options_section nd_options_box_sizing_border_box\">\n        \n<div class=\"wpcf7 no-js\" id=\"wpcf7-f5650-o1\" lang=\"it-IT\" dir=\"ltr\">\n<div class=\"screen-reader-response\"><p role=\"status\" aria-live=\"polite\" aria-atomic=\"true\"><\/p> <ul><\/ul><\/div>\n<form action=\"\/index.php?rest_route=%2Fwp%2Fv2%2Fpages%2F3230#wpcf7-f5650-o1\" method=\"post\" class=\"wpcf7-form init\" aria-label=\"Modulo di contatto\" novalidate=\"novalidate\" data-status=\"init\">\n<input type=\"hidden\" name=\"_wpcf7\" value=\"5650\" \/><input type=\"hidden\" name=\"_wpcf7_version\" value=\"6.1.5\" \/><input type=\"hidden\" name=\"_wpcf7_locale\" value=\"it_IT\" \/><input type=\"hidden\" name=\"_wpcf7_unit_tag\" value=\"wpcf7-f5650-o1\" \/><input type=\"hidden\" name=\"_wpcf7_container_post\" value=\"0\" \/><input type=\"hidden\" name=\"_wpcf7_posted_data_hash\" value=\"\" \/><input type=\"hidden\" name=\"_wpcf7_recaptcha_response\" value=\"\" \/>\n\n<p>Name:\n<\/p>\n<p><span class=\"wpcf7-form-control-wrap\" data-name=\"name-form\"><input size=\"40\" class=\"wpcf7-form-control wpcf7-text wpcf7-validates-as-required nd_options_padding_10_20_important nd_options_margin_top_10\" aria-required=\"true\" aria-invalid=\"false\" value=\"\" type=\"text\" name=\"name-form\" \/><\/span>\n<\/p>\n<p>Email:\n<\/p>\n<p><span class=\"wpcf7-form-control-wrap\" data-name=\"email\"><input size=\"40\" class=\"wpcf7-form-control wpcf7-email wpcf7-validates-as-required wpcf7-text wpcf7-validates-as-email nd_options_padding_10_20_important nd_options_margin_top_10\" aria-required=\"true\" aria-invalid=\"false\" value=\"\" type=\"email\" name=\"email\" \/><\/span>\n<\/p>\n<p>Telefon:\n<\/p>\n<p><span class=\"wpcf7-form-control-wrap\" data-name=\"tel-12\"><input size=\"40\" class=\"wpcf7-form-control wpcf7-tel wpcf7-validates-as-required wpcf7-text wpcf7-validates-as-tel nd_options_padding_10_20_important nd_options_margin_top_10\" aria-required=\"true\" aria-invalid=\"false\" value=\"\" type=\"tel\" name=\"tel-12\" \/><\/span>\n<\/p>\n<p>Nachricht:\n<\/p>\n<p><span class=\"wpcf7-form-control-wrap\" data-name=\"message\"><textarea cols=\"40\" rows=\"5\" class=\"wpcf7-form-control wpcf7-textarea nd_options_padding_10_20_important nd_options_margin_top_10\" aria-invalid=\"false\" name=\"message\"><\/textarea><\/span>\n<\/p>\n<p><input class=\"wpcf7-form-control wpcf7-submit has-spinner nd_booking_padding_15_30_important nd_options_second_font_important nd_options_color_white nd_options_display_inline_block nd_options_font_size_11 nd_options_font_weight_bold nd_options_letter_spacing_2 nd_options_section\" type=\"submit\" value=\"SENDEN\" \/>\n<\/p><input type='hidden' class='wpcf7-pum' value='{\"closepopup\":false,\"closedelay\":0,\"openpopup\":false,\"openpopup_id\":0}' \/><div class=\"wpcf7-response-output\" aria-hidden=\"true\"><\/div>\n<\/form>\n<\/div>\n \n      <\/div>  \n\n    <\/div>\n    <!--end form-->\n\n   [\/vc_column][vc_column width=&#8221;1\/6&#8243;][\/vc_column][\/vc_row]<\/p>\n","protected":false},"excerpt":{"rendered":"<p>[vc_row css=&#8221;.vc_custom_1493221622676{margin-top: 20px !important;}&#8221;][vc_column width=&#8221;1\/3&#8243; css=&#8221;.vc_custom_1601463968192{margin-bottom: 20px !important;background-image: url(https:\/\/www.hotelcereda.ch\/wp-content\/uploads\/2020\/09\/sala_classica.jpg?id=2345) !important;background-position: center !important;background-repeat: no-repeat !important;background-size: cover !important;}&#8221; el_class=&#8221;nd_options_text_align_center&#8221;][vc_row_inner][vc_column_inner css=&#8221;.vc_custom_1503504700480{padding-top: 70px !important;padding-bottom: 70px !important;}&#8221;][\/vc_column_inner][\/vc_row_inner][\/vc_column][vc_column width=&#8221;1\/3&#8243; css=&#8221;.vc_custom_1601463984378{margin-bottom: 20px !important;background-image: url(https:\/\/www.hotelcereda.ch\/wp-content\/uploads\/2020\/09\/sala_business-1.jpg?id=2346) !important;background-position: center !important;background-repeat: no-repeat !important;background-size: cover !important;}&#8221; el_class=&#8221;nd_options_text_align_center&#8221;][vc_row_inner][vc_column_inner css=&#8221;.vc_custom_1493221459476{padding-top: 70px !important;padding-bottom: 70px !important;}&#8221;][\/vc_column_inner][\/vc_row_inner][\/vc_column][vc_column width=&#8221;1\/3&#8243; css=&#8221;.vc_custom_1601464002711{margin-bottom: 20px !important;background-image: url(https:\/\/www.hotelcereda.ch\/wp-content\/uploads\/2020\/09\/sala_corner.jpg?id=2347) !important;background-position: center !important;background-repeat: no-repeat !important;background-size: cover !important;}&#8221; el_class=&#8221;nd_options_text_align_center&#8221;][vc_row_inner][vc_column_inner css=&#8221;.vc_custom_1493221469995{padding-top: 70px [&hellip;]<\/p>\n","protected":false},"author":1,"featured_media":0,"parent":0,"menu_order":0,"comment_status":"closed","ping_status":"closed","template":"","meta":{"footnotes":""},"class_list":["post-3230","page","type-page","status-publish","hentry"],"yoast_head":"<!-- This site is optimized with the Yoast SEO plugin v26.9 - https:\/\/yoast.com\/product\/yoast-seo-wordpress\/ -->\n<title>Konferenzr\u00e4ume - Hotel Cereda<\/title>\n<meta name=\"description\" content=\"Nutzen Sie die Tagungsr\u00e4ume und Dienstleistungen des Hotel Cereda in Sementina f\u00fcr Ihre private oder gesch\u00e4ftliche Veranstaltung.\" \/>\n<meta name=\"robots\" content=\"index, follow, max-snippet:-1, max-image-preview:large, max-video-preview:-1\" \/>\n<link rel=\"canonical\" href=\"https:\/\/www.hotelcereda.ch\/?page_id=3230\" \/>\n<meta property=\"og:locale\" content=\"it_IT\" \/>\n<meta property=\"og:type\" content=\"article\" \/>\n<meta property=\"og:title\" content=\"Konferenzr\u00e4ume - Hotel Cereda\" \/>\n<meta property=\"og:description\" content=\"Nutzen Sie die Tagungsr\u00e4ume und Dienstleistungen des Hotel Cereda in Sementina f\u00fcr Ihre private oder gesch\u00e4ftliche Veranstaltung.\" \/>\n<meta property=\"og:url\" content=\"https:\/\/www.hotelcereda.ch\/?page_id=3230&amp;lang=de\" \/>\n<meta property=\"og:site_name\" content=\"Hotel Cereda\" \/>\n<meta property=\"article:modified_time\" content=\"2023-05-24T19:43:43+00:00\" \/>\n<meta name=\"twitter:card\" content=\"summary_large_image\" \/>\n<meta name=\"twitter:label1\" content=\"Tempo di lettura stimato\" \/>\n\t<meta name=\"twitter:data1\" content=\"2 minuti\" \/>\n<script type=\"application\/ld+json\" class=\"yoast-schema-graph\">{\"@context\":\"https:\/\/schema.org\",\"@graph\":[{\"@type\":\"WebPage\",\"@id\":\"https:\/\/www.hotelcereda.ch\/?page_id=3230&lang=de\",\"url\":\"https:\/\/www.hotelcereda.ch\/?page_id=3230&lang=de\",\"name\":\"Konferenzr\u00e4ume - Hotel Cereda\",\"isPartOf\":{\"@id\":\"https:\/\/www.hotelcereda.ch\/#website\"},\"datePublished\":\"2020-10-26T12:20:18+00:00\",\"dateModified\":\"2023-05-24T19:43:43+00:00\",\"description\":\"Nutzen Sie die Tagungsr\u00e4ume und Dienstleistungen des Hotel Cereda in Sementina f\u00fcr Ihre private oder gesch\u00e4ftliche Veranstaltung.\",\"breadcrumb\":{\"@id\":\"https:\/\/www.hotelcereda.ch\/?page_id=3230&lang=de#breadcrumb\"},\"inLanguage\":\"it-IT\",\"potentialAction\":[{\"@type\":\"ReadAction\",\"target\":[\"https:\/\/www.hotelcereda.ch\/?page_id=3230&lang=de\"]}]},{\"@type\":\"BreadcrumbList\",\"@id\":\"https:\/\/www.hotelcereda.ch\/?page_id=3230&lang=de#breadcrumb\",\"itemListElement\":[{\"@type\":\"ListItem\",\"position\":1,\"name\":\"Home\",\"item\":\"https:\/\/www.hotelcereda.ch\/\"},{\"@type\":\"ListItem\",\"position\":2,\"name\":\"Konferenzr\u00e4ume\"}]},{\"@type\":\"WebSite\",\"@id\":\"https:\/\/www.hotelcereda.ch\/#website\",\"url\":\"https:\/\/www.hotelcereda.ch\/\",\"name\":\"Hotel Cereda\",\"description\":\"Hotel Cereda Sementina Prenota Ora\",\"publisher\":{\"@id\":\"https:\/\/www.hotelcereda.ch\/#organization\"},\"potentialAction\":[{\"@type\":\"SearchAction\",\"target\":{\"@type\":\"EntryPoint\",\"urlTemplate\":\"https:\/\/www.hotelcereda.ch\/?s={search_term_string}\"},\"query-input\":{\"@type\":\"PropertyValueSpecification\",\"valueRequired\":true,\"valueName\":\"search_term_string\"}}],\"inLanguage\":\"it-IT\"},{\"@type\":\"Organization\",\"@id\":\"https:\/\/www.hotelcereda.ch\/#organization\",\"name\":\"Hotel Cereda\",\"url\":\"https:\/\/www.hotelcereda.ch\/\",\"logo\":{\"@type\":\"ImageObject\",\"inLanguage\":\"it-IT\",\"@id\":\"https:\/\/www.hotelcereda.ch\/#\/schema\/logo\/image\/\",\"url\":\"https:\/\/www.hotelcereda.ch\/wp-content\/uploads\/2020\/04\/logo_cereda.gif\",\"contentUrl\":\"https:\/\/www.hotelcereda.ch\/wp-content\/uploads\/2020\/04\/logo_cereda.gif\",\"width\":300,\"height\":124,\"caption\":\"Hotel Cereda\"},\"image\":{\"@id\":\"https:\/\/www.hotelcereda.ch\/#\/schema\/logo\/image\/\"}}]}<\/script>\n<!-- \/ Yoast SEO plugin. -->","yoast_head_json":{"title":"Konferenzr\u00e4ume - Hotel Cereda","description":"Nutzen Sie die Tagungsr\u00e4ume und Dienstleistungen des Hotel Cereda in Sementina f\u00fcr Ihre private oder gesch\u00e4ftliche Veranstaltung.","robots":{"index":"index","follow":"follow","max-snippet":"max-snippet:-1","max-image-preview":"max-image-preview:large","max-video-preview":"max-video-preview:-1"},"canonical":"https:\/\/www.hotelcereda.ch\/?page_id=3230","og_locale":"it_IT","og_type":"article","og_title":"Konferenzr\u00e4ume - Hotel Cereda","og_description":"Nutzen Sie die Tagungsr\u00e4ume und Dienstleistungen des Hotel Cereda in Sementina f\u00fcr Ihre private oder gesch\u00e4ftliche Veranstaltung.","og_url":"https:\/\/www.hotelcereda.ch\/?page_id=3230&lang=de","og_site_name":"Hotel Cereda","article_modified_time":"2023-05-24T19:43:43+00:00","twitter_card":"summary_large_image","twitter_misc":{"Tempo di lettura stimato":"2 minuti"},"schema":{"@context":"https:\/\/schema.org","@graph":[{"@type":"WebPage","@id":"https:\/\/www.hotelcereda.ch\/?page_id=3230&lang=de","url":"https:\/\/www.hotelcereda.ch\/?page_id=3230&lang=de","name":"Konferenzr\u00e4ume - Hotel Cereda","isPartOf":{"@id":"https:\/\/www.hotelcereda.ch\/#website"},"datePublished":"2020-10-26T12:20:18+00:00","dateModified":"2023-05-24T19:43:43+00:00","description":"Nutzen Sie die Tagungsr\u00e4ume und Dienstleistungen des Hotel Cereda in Sementina f\u00fcr Ihre private oder gesch\u00e4ftliche Veranstaltung.","breadcrumb":{"@id":"https:\/\/www.hotelcereda.ch\/?page_id=3230&lang=de#breadcrumb"},"inLanguage":"it-IT","potentialAction":[{"@type":"ReadAction","target":["https:\/\/www.hotelcereda.ch\/?page_id=3230&lang=de"]}]},{"@type":"BreadcrumbList","@id":"https:\/\/www.hotelcereda.ch\/?page_id=3230&lang=de#breadcrumb","itemListElement":[{"@type":"ListItem","position":1,"name":"Home","item":"https:\/\/www.hotelcereda.ch\/"},{"@type":"ListItem","position":2,"name":"Konferenzr\u00e4ume"}]},{"@type":"WebSite","@id":"https:\/\/www.hotelcereda.ch\/#website","url":"https:\/\/www.hotelcereda.ch\/","name":"Hotel Cereda","description":"Hotel Cereda Sementina Prenota Ora","publisher":{"@id":"https:\/\/www.hotelcereda.ch\/#organization"},"potentialAction":[{"@type":"SearchAction","target":{"@type":"EntryPoint","urlTemplate":"https:\/\/www.hotelcereda.ch\/?s={search_term_string}"},"query-input":{"@type":"PropertyValueSpecification","valueRequired":true,"valueName":"search_term_string"}}],"inLanguage":"it-IT"},{"@type":"Organization","@id":"https:\/\/www.hotelcereda.ch\/#organization","name":"Hotel Cereda","url":"https:\/\/www.hotelcereda.ch\/","logo":{"@type":"ImageObject","inLanguage":"it-IT","@id":"https:\/\/www.hotelcereda.ch\/#\/schema\/logo\/image\/","url":"https:\/\/www.hotelcereda.ch\/wp-content\/uploads\/2020\/04\/logo_cereda.gif","contentUrl":"https:\/\/www.hotelcereda.ch\/wp-content\/uploads\/2020\/04\/logo_cereda.gif","width":300,"height":124,"caption":"Hotel Cereda"},"image":{"@id":"https:\/\/www.hotelcereda.ch\/#\/schema\/logo\/image\/"}}]}},"_links":{"self":[{"href":"https:\/\/www.hotelcereda.ch\/index.php?rest_route=\/wp\/v2\/pages\/3230","targetHints":{"allow":["GET"]}}],"collection":[{"href":"https:\/\/www.hotelcereda.ch\/index.php?rest_route=\/wp\/v2\/pages"}],"about":[{"href":"https:\/\/www.hotelcereda.ch\/index.php?rest_route=\/wp\/v2\/types\/page"}],"author":[{"embeddable":true,"href":"https:\/\/www.hotelcereda.ch\/index.php?rest_route=\/wp\/v2\/users\/1"}],"replies":[{"embeddable":true,"href":"https:\/\/www.hotelcereda.ch\/index.php?rest_route=%2Fwp%2Fv2%2Fcomments&post=3230"}],"version-history":[{"count":13,"href":"https:\/\/www.hotelcereda.ch\/index.php?rest_route=\/wp\/v2\/pages\/3230\/revisions"}],"predecessor-version":[{"id":5664,"href":"https:\/\/www.hotelcereda.ch\/index.php?rest_route=\/wp\/v2\/pages\/3230\/revisions\/5664"}],"wp:attachment":[{"href":"https:\/\/www.hotelcereda.ch\/index.php?rest_route=%2Fwp%2Fv2%2Fmedia&parent=3230"}],"curies":[{"name":"wp","href":"https:\/\/api.w.org\/{rel}","templated":true}]}}