{"id":3023,"date":"2020-10-25T15:05:36","date_gmt":"2020-10-25T14:05:36","guid":{"rendered":"https:\/\/hotelcereda.ch\/?page_id=3023&#038;lang=de"},"modified":"2023-05-24T21:40:25","modified_gmt":"2023-05-24T19:40:25","slug":"banchetti","status":"publish","type":"page","link":"https:\/\/www.hotelcereda.ch\/?page_id=3023&lang=de","title":{"rendered":"Banchetti"},"content":{"rendered":"<p>[vc_row full_width=&#8221;stretch_row&#8221; css=&#8221;.vc_custom_1504182210876{margin-top: 50px !important;padding-bottom: 0px !important;}&#8221;][vc_column]<div style=\"background-color:;height: 20px\" class=\"nicdark_section  \"><\/div> <h1 style=\"color:#c19b76;padding:px;text-align:center;font-size:55px;line-height:px;letter-spacing: px;font-weight:normal\" class=\"  nd_options_font_size_40_important_all_iphone nd_options_line_height_40_important_all_iphone nd_options_first_font \">Herbst Winter Angebote<\/h1> <div style=\"background-color:;height: 30px\" class=\"nicdark_section  \"><\/div>\n    <div class=\"nd_options_section nd_options_line_height_0  nd_options_text_align_center \">\n        <span style=\"height:3px;width:50px;background-color:#878787\" class=\"nd_options_display_inline_block\"><\/span>\n    <\/div>\n   <div style=\"background-color:;height: 35px\" class=\"nicdark_section  \"><\/div><div style=\"background-color:;height: 30px\" class=\"nicdark_section  \"><\/div> <h1 style=\"color:#1c1c1c;padding:px;text-align:center;font-size:55px;line-height:px;letter-spacing: px;font-weight:normal\" class=\"  nd_options_font_size_40_important_all_iphone nd_options_line_height_40_important_all_iphone nd_options_first_font \">Tessiner Menu<\/h1> <div style=\"background-color:;height: 20px\" class=\"nicdark_section  \"><\/div> <h6 style=\"color:#1c1c1c;padding:px;text-align:center;font-size:12px;line-height:12px;letter-spacing: 2px;font-weight:lighter\" class=\"  nd_options_font_size_40_important_all_iphone nd_options_line_height_40_important_all_iphone nd_options_second_font \">CHF 60.00<\/h6> <div style=\"background-color:;height: 20px\" class=\"nicdark_section  \"><\/div>[vc_column_text]<\/p>\n<p style=\"text-align: center;\">Entenpastete auf Brioche-Brot Tessiner Frischk\u00e4semousse und Feigenmarmelade<br \/>\n<strong>\u2666<br \/>\n<\/strong>K\u00fcrbis-Gnocchi mit knusprigem Salbei und karamellisierten N\u00fcssen<br \/>\n<strong>\u2666<br \/>\n<\/strong>Mit Morcheln, Kastanien und Honig gef\u00fcllter Kaninchenr\u00fccken ohne Knochen cremige violette Polenta aus dem Maggia-Tal gegrillte Fr\u00fchlingszwiebeln und Gem\u00fcseperlen<br \/>\n<strong>\u2666<br \/>\n<\/strong>Eierlik\u00f6rcreme Kakao und Beerenfr\u00fcchte<\/p>\n<p>[\/vc_column_text][\/vc_column][\/vc_row][vc_row full_width=&#8221;stretch_row&#8221; css=&#8221;.vc_custom_1602196786878{margin-top: 15px !important;padding-bottom: 0px !important;}&#8221;][vc_column]\n    <div class=\"nd_options_section nd_options_line_height_0  nd_options_text_align_center \">\n        <span style=\"height:3px;width:50px;background-color:#878787\" class=\"nd_options_display_inline_block\"><\/span>\n    <\/div>\n   <div style=\"background-color:;height: 35px\" class=\"nicdark_section  \"><\/div><div style=\"background-color:;height: 30px\" class=\"nicdark_section  \"><\/div> <h1 style=\"color:#1c1c1c;padding:px;text-align:center;font-size:55px;line-height:px;letter-spacing: px;font-weight:normal\" class=\"  nd_options_font_size_40_important_all_iphone nd_options_line_height_40_important_all_iphone nd_options_first_font \">Fisch Menu<\/h1> <div style=\"background-color:;height: 20px\" class=\"nicdark_section  \"><\/div> <h6 style=\"color:#1c1c1c;padding:px;text-align:center;font-size:12px;line-height:12px;letter-spacing: 2px;font-weight:lighter\" class=\"  nd_options_font_size_40_important_all_iphone nd_options_line_height_40_important_all_iphone nd_options_second_font \">CHF 66.00<\/h6> <div style=\"background-color:;height: 20px\" class=\"nicdark_section  \"><\/div>[vc_column_text]<\/p>\n<p style=\"text-align: center;\">Marinierte Fisch-Bl\u00e4tterteigschnitten (Seeteufel, Adlerfisch, Lachs) Mango, Drachenfrucht und Papaya<br \/>\n<strong>\u2666<br \/>\n<\/strong>Risotto Carnaroli mit Krabbenfleisch Teppichmuscheln in Tomatensauce<br \/>\n<strong>\u2666<br \/>\n<\/strong>R\u00fccken des n\u00f6rdlichen Wildseebarsches, Avocado-Mayonnaise auf Kartoffelp\u00fcree gegrillte Fr\u00fchlingszwiebel und Gem\u00fcse-Perlen<br \/>\n<strong><strong>\u2666<br \/>\n<\/strong><\/strong>Basilikum-Sorbet im karamellisierten Zitronenkelch<\/p>\n<p>[\/vc_column_text][\/vc_column][\/vc_row][vc_row full_width=&#8221;stretch_row&#8221; css=&#8221;.vc_custom_1602196786878{margin-top: 15px !important;padding-bottom: 0px !important;}&#8221;][vc_column]\n    <div class=\"nd_options_section nd_options_line_height_0  nd_options_text_align_center \">\n        <span style=\"height:3px;width:50px;background-color:#878787\" class=\"nd_options_display_inline_block\"><\/span>\n    <\/div>\n   <div style=\"background-color:;height: 35px\" class=\"nicdark_section  \"><\/div><div style=\"background-color:;height: 30px\" class=\"nicdark_section  \"><\/div> <h1 style=\"color:#1c1c1c;padding:px;text-align:center;font-size:55px;line-height:px;letter-spacing: px;font-weight:normal\" class=\"  nd_options_font_size_40_important_all_iphone nd_options_line_height_40_important_all_iphone nd_options_first_font \">Wild Menu 1<\/h1> <div style=\"background-color:;height: 20px\" class=\"nicdark_section  \"><\/div> <h6 style=\"color:#1c1c1c;padding:px;text-align:center;font-size:12px;line-height:12px;letter-spacing: 2px;font-weight:lighter\" class=\"  nd_options_font_size_40_important_all_iphone nd_options_line_height_40_important_all_iphone nd_options_second_font \">CHF 80.00<\/h6> <div style=\"background-color:;height: 20px\" class=\"nicdark_section  \"><\/div>[vc_column_text]<\/p>\n<p style=\"text-align: center;\">Hirschtatar handgeschnitten, schwarzem Salz von Zypern auf K\u00fcrbiskompott und kandierten Fr\u00fcchten<br \/>\n<strong>\u2666<br \/>\n<\/strong>Rehr\u00fccken Baden-Baden Art Sp\u00e4tzle und Beilagen<br \/>\n<strong>\u2666<br \/>\n<\/strong>Trauben und Grappa Sorbet<\/p>\n<p>[\/vc_column_text][\/vc_column][\/vc_row][vc_row full_width=&#8221;stretch_row&#8221; css=&#8221;.vc_custom_1602196786878{margin-top: 15px !important;padding-bottom: 0px !important;}&#8221;][vc_column]\n    <div class=\"nd_options_section nd_options_line_height_0  nd_options_text_align_center \">\n        <span style=\"height:3px;width:50px;background-color:#878787\" class=\"nd_options_display_inline_block\"><\/span>\n    <\/div>\n   <div style=\"background-color:;height: 35px\" class=\"nicdark_section  \"><\/div><div style=\"background-color:;height: 30px\" class=\"nicdark_section  \"><\/div> <h1 style=\"color:#1c1c1c;padding:px;text-align:center;font-size:55px;line-height:px;letter-spacing: px;font-weight:normal\" class=\"  nd_options_font_size_40_important_all_iphone nd_options_line_height_40_important_all_iphone nd_options_first_font \">Wild Menu 2<\/h1> <div style=\"background-color:;height: 20px\" class=\"nicdark_section  \"><\/div> <h6 style=\"color:#1c1c1c;padding:px;text-align:center;font-size:12px;line-height:12px;letter-spacing: 2px;font-weight:lighter\" class=\"  nd_options_font_size_40_important_all_iphone nd_options_line_height_40_important_all_iphone nd_options_second_font \">CHF 70.00<\/h6> <div style=\"background-color:;height: 20px\" class=\"nicdark_section  \"><\/div>[vc_column_text]<\/p>\n<p style=\"text-align: center;\">Vorspeisen vom Wild (Zylinder von Sellerie mit Mayonnaise, Wildpastete, Wildschweinschinken, getrocknetes Rehfleisch, Hirsch-Salami, Wildschwein-Salami)<br \/>\n<strong>\u2666<br \/>\n<\/strong>Samtige Steinpilzsuppe und ihr Krokant auf Buscionk\u00e4se B\u00fcscheln und Kastanienhonig<br \/>\n<strong>\u2666<br \/>\n<\/strong>Hirschmedaillons in Butter und Thymian geschwenkt Blaubeer-Reduktion, Sp\u00e4tzle und Beilagen<br \/>\n<strong><strong>\u2666<br \/>\n<\/strong><\/strong>M\u00fcrbeteigt\u00f6rtchen mit Kastanien- Himbeer- und Brombeercreme<\/p>\n<p>[\/vc_column_text][\/vc_column][\/vc_row][vc_row full_width=&#8221;stretch_row&#8221; css=&#8221;.vc_custom_1602196786878{margin-top: 15px !important;padding-bottom: 0px !important;}&#8221;][vc_column]\n    <div class=\"nd_options_section nd_options_line_height_0  nd_options_text_align_center \">\n        <span style=\"height:3px;width:50px;background-color:#878787\" class=\"nd_options_display_inline_block\"><\/span>\n    <\/div>\n   <div style=\"background-color:;height: 35px\" class=\"nicdark_section  \"><\/div><div style=\"background-color:;height: 30px\" class=\"nicdark_section  \"><\/div> <h1 style=\"color:#1c1c1c;padding:px;text-align:center;font-size:55px;line-height:px;letter-spacing: px;font-weight:normal\" class=\"  nd_options_font_size_40_important_all_iphone nd_options_line_height_40_important_all_iphone nd_options_first_font \">Vegetarisches Menu<\/h1> <div style=\"background-color:;height: 20px\" class=\"nicdark_section  \"><\/div> <h6 style=\"color:#1c1c1c;padding:px;text-align:center;font-size:12px;line-height:12px;letter-spacing: 2px;font-weight:lighter\" class=\"  nd_options_font_size_40_important_all_iphone nd_options_line_height_40_important_all_iphone nd_options_second_font \">CHF 45.00<\/h6> <div style=\"background-color:;height: 20px\" class=\"nicdark_section  \"><\/div>[vc_column_text]<\/p>\n<p style=\"text-align: center;\">N\u00fcsslisalat<br \/>\n<strong>\u2666<br \/>\n<\/strong>Panierter Formaggella K\u00e4se auf Caponata Bett<br \/>\n<strong>\u2666<br \/>\n<\/strong>Linsencremesuppe<br \/>\n<strong><strong>\u2666<br \/>\n<\/strong><\/strong>Gratinierte Cr\u00eapes mit K\u00fcrbisf\u00fcllung<br \/>\n<strong>\u2666<br \/>\n<\/strong>Ananas-Carpaccio mit Vanilleeis<\/p>\n<p>[\/vc_column_text][\/vc_column][\/vc_row][vc_row full_width=&#8221;stretch_row&#8221; parallax=&#8221;content-moving&#8221; parallax_image=&#8221;2708&#8243; css=&#8221;.vc_custom_1602803065886{margin-top: 10px !important;padding-top: 100px !important;padding-bottom: 100px !important;}&#8221; el_id=&#8221;nd_options_booking_form&#8221; el_class=&#8221;nd_options_vc_parallax_filter_1_3&#8243;][vc_column width=&#8221;1\/4&#8243;][\/vc_column][vc_column width=&#8221;1\/2&#8243; css=&#8221;.vc_custom_1588324689262{padding-top: 60px !important;padding-right: 30px !important;padding-bottom: 30px !important;padding-left: 30px !important;background-color: #1c1c1c !important;}&#8221; offset=&#8221;vc_hidden-lg vc_hidden-md vc_hidden-sm vc_hidden-xs&#8221;] <h6 style=\"color:#ffffff;padding:px;text-align:center;font-size:12px;line-height:12px;letter-spacing: 2px;font-weight:lighter\" class=\"   nd_options_second_font \">BOOK NOW<\/h6> <div style=\"background-color:;height: 10px\" class=\"nicdark_section  \"><\/div>\n    <div class=\"nd_options_section nd_options_line_height_0  nd_options_text_align_center \">\n        <span style=\"height:1px;width:30px;background-color:#878787\" class=\"nd_options_display_inline_block\"><\/span>\n    <\/div>\n   <div style=\"background-color:;height: 30px\" class=\"nicdark_section  \"><\/div> <h1 style=\"color:#ffffff;padding:px;text-align:center;font-size:35px;line-height:35px;letter-spacing: px;font-weight:normal\" class=\"   nd_options_first_font \">Request a Table<\/h1> <div style=\"background-color:;height: 30px\" class=\"nicdark_section  \"><\/div>\n\n    <!--start form-->\n    <div id=\"nd_options_shortcode_cf7_1065\" class=\"nd_options_section \">\n      \n      <div class=\"nd_options_section nd_options_box_sizing_border_box\">\n        <p class=\"wpcf7-contact-form-not-found\"><strong>Errore:<\/strong> Modulo di contatto non trovato.<\/p> \n      <\/div>  \n\n    <\/div>\n    <!--end form-->\n\n   [\/vc_column][vc_column width=&#8221;1\/4&#8243;][vc_empty_space height=&#8221;320px&#8221;][\/vc_column][\/vc_row][vc_row][vc_column][vc_column_text][\/vc_column_text][\/vc_column][\/vc_row]<\/p>\n","protected":false},"excerpt":{"rendered":"<p>[vc_row full_width=&#8221;stretch_row&#8221; css=&#8221;.vc_custom_1504182210876{margin-top: 50px !important;padding-bottom: 0px !important;}&#8221;][vc_column][vc_column_text] Entenpastete auf Brioche-Brot Tessiner Frischk\u00e4semousse und Feigenmarmelade \u2666 K\u00fcrbis-Gnocchi mit knusprigem Salbei und karamellisierten N\u00fcssen \u2666 Mit Morcheln, Kastanien und Honig gef\u00fcllter Kaninchenr\u00fccken ohne Knochen cremige violette Polenta aus dem Maggia-Tal gegrillte Fr\u00fchlingszwiebeln und Gem\u00fcseperlen \u2666 Eierlik\u00f6rcreme Kakao und Beerenfr\u00fcchte [\/vc_column_text][\/vc_column][\/vc_row][vc_row full_width=&#8221;stretch_row&#8221; css=&#8221;.vc_custom_1602196786878{margin-top: 15px !important;padding-bottom: 0px !important;}&#8221;][vc_column][vc_column_text] Marinierte [&hellip;]<\/p>\n","protected":false},"author":1,"featured_media":0,"parent":0,"menu_order":0,"comment_status":"closed","ping_status":"closed","template":"","meta":{"footnotes":""},"class_list":["post-3023","page","type-page","status-publish","hentry"],"yoast_head":"<!-- This site is optimized with the Yoast SEO plugin v26.9 - https:\/\/yoast.com\/product\/yoast-seo-wordpress\/ -->\n<title>Bankette - Hotel Cereda<\/title>\n<meta name=\"description\" content=\"Der perfekte Ort, um Ihr Hochzeitsessen zu organisieren. Hotel Cereda eine perfekte Wahl!\" \/>\n<meta name=\"robots\" content=\"index, follow, max-snippet:-1, max-image-preview:large, max-video-preview:-1\" \/>\n<link rel=\"canonical\" href=\"https:\/\/www.hotelcereda.ch\/?page_id=3023\" \/>\n<meta property=\"og:locale\" content=\"it_IT\" \/>\n<meta property=\"og:type\" content=\"article\" \/>\n<meta property=\"og:title\" content=\"Bankette - Hotel Cereda\" \/>\n<meta property=\"og:description\" content=\"Der perfekte Ort, um Ihr Hochzeitsessen zu organisieren. Hotel Cereda eine perfekte Wahl!\" \/>\n<meta property=\"og:url\" content=\"https:\/\/www.hotelcereda.ch\/?page_id=3023&amp;lang=de\" \/>\n<meta property=\"og:site_name\" content=\"Hotel Cereda\" \/>\n<meta property=\"article:modified_time\" content=\"2023-05-24T19:40:25+00:00\" \/>\n<meta name=\"twitter:card\" content=\"summary_large_image\" \/>\n<meta name=\"twitter:label1\" content=\"Tempo di lettura stimato\" \/>\n\t<meta name=\"twitter:data1\" content=\"3 minuti\" \/>\n<script type=\"application\/ld+json\" class=\"yoast-schema-graph\">{\"@context\":\"https:\/\/schema.org\",\"@graph\":[{\"@type\":\"WebPage\",\"@id\":\"https:\/\/www.hotelcereda.ch\/?page_id=3023&lang=de\",\"url\":\"https:\/\/www.hotelcereda.ch\/?page_id=3023&lang=de\",\"name\":\"Bankette - Hotel Cereda\",\"isPartOf\":{\"@id\":\"https:\/\/www.hotelcereda.ch\/#website\"},\"datePublished\":\"2020-10-25T14:05:36+00:00\",\"dateModified\":\"2023-05-24T19:40:25+00:00\",\"description\":\"Der perfekte Ort, um Ihr Hochzeitsessen zu organisieren. Hotel Cereda eine perfekte Wahl!\",\"breadcrumb\":{\"@id\":\"https:\/\/www.hotelcereda.ch\/?page_id=3023&lang=de#breadcrumb\"},\"inLanguage\":\"it-IT\",\"potentialAction\":[{\"@type\":\"ReadAction\",\"target\":[\"https:\/\/www.hotelcereda.ch\/?page_id=3023&lang=de\"]}]},{\"@type\":\"BreadcrumbList\",\"@id\":\"https:\/\/www.hotelcereda.ch\/?page_id=3023&lang=de#breadcrumb\",\"itemListElement\":[{\"@type\":\"ListItem\",\"position\":1,\"name\":\"Home\",\"item\":\"https:\/\/www.hotelcereda.ch\/\"},{\"@type\":\"ListItem\",\"position\":2,\"name\":\"Banchetti\"}]},{\"@type\":\"WebSite\",\"@id\":\"https:\/\/www.hotelcereda.ch\/#website\",\"url\":\"https:\/\/www.hotelcereda.ch\/\",\"name\":\"Hotel Cereda\",\"description\":\"Hotel Cereda Sementina Prenota Ora\",\"publisher\":{\"@id\":\"https:\/\/www.hotelcereda.ch\/#organization\"},\"potentialAction\":[{\"@type\":\"SearchAction\",\"target\":{\"@type\":\"EntryPoint\",\"urlTemplate\":\"https:\/\/www.hotelcereda.ch\/?s={search_term_string}\"},\"query-input\":{\"@type\":\"PropertyValueSpecification\",\"valueRequired\":true,\"valueName\":\"search_term_string\"}}],\"inLanguage\":\"it-IT\"},{\"@type\":\"Organization\",\"@id\":\"https:\/\/www.hotelcereda.ch\/#organization\",\"name\":\"Hotel Cereda\",\"url\":\"https:\/\/www.hotelcereda.ch\/\",\"logo\":{\"@type\":\"ImageObject\",\"inLanguage\":\"it-IT\",\"@id\":\"https:\/\/www.hotelcereda.ch\/#\/schema\/logo\/image\/\",\"url\":\"https:\/\/www.hotelcereda.ch\/wp-content\/uploads\/2020\/04\/logo_cereda.gif\",\"contentUrl\":\"https:\/\/www.hotelcereda.ch\/wp-content\/uploads\/2020\/04\/logo_cereda.gif\",\"width\":300,\"height\":124,\"caption\":\"Hotel Cereda\"},\"image\":{\"@id\":\"https:\/\/www.hotelcereda.ch\/#\/schema\/logo\/image\/\"}}]}<\/script>\n<!-- \/ Yoast SEO plugin. -->","yoast_head_json":{"title":"Bankette - Hotel Cereda","description":"Der perfekte Ort, um Ihr Hochzeitsessen zu organisieren. Hotel Cereda eine perfekte Wahl!","robots":{"index":"index","follow":"follow","max-snippet":"max-snippet:-1","max-image-preview":"max-image-preview:large","max-video-preview":"max-video-preview:-1"},"canonical":"https:\/\/www.hotelcereda.ch\/?page_id=3023","og_locale":"it_IT","og_type":"article","og_title":"Bankette - Hotel Cereda","og_description":"Der perfekte Ort, um Ihr Hochzeitsessen zu organisieren. Hotel Cereda eine perfekte Wahl!","og_url":"https:\/\/www.hotelcereda.ch\/?page_id=3023&lang=de","og_site_name":"Hotel Cereda","article_modified_time":"2023-05-24T19:40:25+00:00","twitter_card":"summary_large_image","twitter_misc":{"Tempo di lettura stimato":"3 minuti"},"schema":{"@context":"https:\/\/schema.org","@graph":[{"@type":"WebPage","@id":"https:\/\/www.hotelcereda.ch\/?page_id=3023&lang=de","url":"https:\/\/www.hotelcereda.ch\/?page_id=3023&lang=de","name":"Bankette - Hotel Cereda","isPartOf":{"@id":"https:\/\/www.hotelcereda.ch\/#website"},"datePublished":"2020-10-25T14:05:36+00:00","dateModified":"2023-05-24T19:40:25+00:00","description":"Der perfekte Ort, um Ihr Hochzeitsessen zu organisieren. Hotel Cereda eine perfekte Wahl!","breadcrumb":{"@id":"https:\/\/www.hotelcereda.ch\/?page_id=3023&lang=de#breadcrumb"},"inLanguage":"it-IT","potentialAction":[{"@type":"ReadAction","target":["https:\/\/www.hotelcereda.ch\/?page_id=3023&lang=de"]}]},{"@type":"BreadcrumbList","@id":"https:\/\/www.hotelcereda.ch\/?page_id=3023&lang=de#breadcrumb","itemListElement":[{"@type":"ListItem","position":1,"name":"Home","item":"https:\/\/www.hotelcereda.ch\/"},{"@type":"ListItem","position":2,"name":"Banchetti"}]},{"@type":"WebSite","@id":"https:\/\/www.hotelcereda.ch\/#website","url":"https:\/\/www.hotelcereda.ch\/","name":"Hotel Cereda","description":"Hotel Cereda Sementina Prenota Ora","publisher":{"@id":"https:\/\/www.hotelcereda.ch\/#organization"},"potentialAction":[{"@type":"SearchAction","target":{"@type":"EntryPoint","urlTemplate":"https:\/\/www.hotelcereda.ch\/?s={search_term_string}"},"query-input":{"@type":"PropertyValueSpecification","valueRequired":true,"valueName":"search_term_string"}}],"inLanguage":"it-IT"},{"@type":"Organization","@id":"https:\/\/www.hotelcereda.ch\/#organization","name":"Hotel Cereda","url":"https:\/\/www.hotelcereda.ch\/","logo":{"@type":"ImageObject","inLanguage":"it-IT","@id":"https:\/\/www.hotelcereda.ch\/#\/schema\/logo\/image\/","url":"https:\/\/www.hotelcereda.ch\/wp-content\/uploads\/2020\/04\/logo_cereda.gif","contentUrl":"https:\/\/www.hotelcereda.ch\/wp-content\/uploads\/2020\/04\/logo_cereda.gif","width":300,"height":124,"caption":"Hotel Cereda"},"image":{"@id":"https:\/\/www.hotelcereda.ch\/#\/schema\/logo\/image\/"}}]}},"_links":{"self":[{"href":"https:\/\/www.hotelcereda.ch\/index.php?rest_route=\/wp\/v2\/pages\/3023","targetHints":{"allow":["GET"]}}],"collection":[{"href":"https:\/\/www.hotelcereda.ch\/index.php?rest_route=\/wp\/v2\/pages"}],"about":[{"href":"https:\/\/www.hotelcereda.ch\/index.php?rest_route=\/wp\/v2\/types\/page"}],"author":[{"embeddable":true,"href":"https:\/\/www.hotelcereda.ch\/index.php?rest_route=\/wp\/v2\/users\/1"}],"replies":[{"embeddable":true,"href":"https:\/\/www.hotelcereda.ch\/index.php?rest_route=%2Fwp%2Fv2%2Fcomments&post=3023"}],"version-history":[{"count":5,"href":"https:\/\/www.hotelcereda.ch\/index.php?rest_route=\/wp\/v2\/pages\/3023\/revisions"}],"predecessor-version":[{"id":5281,"href":"https:\/\/www.hotelcereda.ch\/index.php?rest_route=\/wp\/v2\/pages\/3023\/revisions\/5281"}],"wp:attachment":[{"href":"https:\/\/www.hotelcereda.ch\/index.php?rest_route=%2Fwp%2Fv2%2Fmedia&parent=3023"}],"curies":[{"name":"wp","href":"https:\/\/api.w.org\/{rel}","templated":true}]}}